{"id":565,"date":"2023-08-07T08:41:17","date_gmt":"2023-08-07T06:41:17","guid":{"rendered":"https:\/\/zichlinek.eu\/?page_id=565"},"modified":"2023-08-21T07:53:50","modified_gmt":"2023-08-21T05:53:50","slug":"organizacni-smernice","status":"publish","type":"page","link":"https:\/\/zichlinek.eu\/?page_id=565","title":{"rendered":"Organiza\u010dn\u00ed sm\u011brnice"},"content":{"rendered":"<p>Organiza\u010dn\u00ed sm\u011brnice upravuj\u00edc\u00ed poskytov\u00e1n\u00ed informac\u00ed Obc\u00ed \u017dichl\u00ednek<\/p>\n<p><span style=\"color: #136690;\"><strong>\u010cl. 1 &#8211; Z\u00e1kladn\u00ed ustanoven\u00ed<\/strong><\/span><br \/>\nTato sm\u011brnice upravuje postup p\u0159i poskytov\u00e1n\u00ed informac\u00ed \u017eadatel\u016fm Obc\u00ed \u017dichl\u00ednek podle z\u00e1kona \u010d. 106\/1999 Sb., o svobodn\u00e9m p\u0159\u00edstupu k informac\u00edm, ve zn\u011bn\u00ed pozd\u011bj\u0161\u00edch p\u0159edpis\u016f.<\/p>\n<p><span style=\"color: #136690;\"><strong>\u010cl. 2 &#8211; Poskytov\u00e1n\u00ed informac\u00ed<\/strong><\/span><\/p>\n<ol>\n<li>\n<div>Informace poskytuje Obec \u017dichl\u00ednek v souladu se z\u00e1konem \u010d. 106\/1999 Sb., o svobodn\u00e9m p\u0159\u00edstupu k informac\u00edm, ve zn\u011bn\u00ed pozd\u011bj\u0161\u00edch p\u0159edpis\u016f, (d\u00e1le jen &#8222;z\u00e1kon&#8220;) prost\u0159ednictv\u00edm \u00fa\u0159edn\u00edch desek, bulletinu, Internetu a p\u0159\u00edslu\u0161n\u00fdch org\u00e1n\u016f.<br \/>\na) informace jsou pod\u00e1v\u00e1ny \u00fastn\u011b bez evidence<br \/>\nb) p\u00edsemn\u00e1 forma odpov\u011bdi se poskytuje pouze na z\u00e1klad\u011b p\u00edsemn\u00e9 \u017e\u00e1dosti o poskytnut\u00ed informace; informace se zpoplat\u0148uje dle cen\u00edku<\/div>\n<\/li>\n<li>\n<div>Obec \u017dichl\u00ednek poskytuje informace, kter\u00e9 souvisej\u00ed s jej\u00ed p\u016fsobnost\u00ed, \u010dinnost\u00ed a chodem.<\/div>\n<\/li>\n<li>\n<div>\u00dastn\u00ed informace poskytuj\u00ed zam\u011bstnanci Obce \u017dichl\u00ednek pouze v souladu se z\u00e1konem a o \u010dinnosti, o kter\u00e9 m\u00e1 zam\u011bstnanec dostate\u010dn\u00e9 a ov\u011b\u0159iteln\u00e9 informace. P\u00edsemnou informaci kontroluje a podepisuje starosta Obce \u017dichl\u00ednek.<\/div>\n<\/li>\n<li>\n<div>Starosta Obce \u017dichl\u00ednek zajist\u00ed co nejv\u011bt\u0161\u00ed uvoln\u011bn\u00ed informac\u00ed do s\u00edt\u011b Internet \u010di bulletinu.<\/div>\n<\/li>\n<\/ol>\n<p><span style=\"color: #136690;\"><strong>\u010cl. 3 &#8211; Postupy p\u0159i pod\u00e1v\u00e1n\u00ed informac\u00ed <\/strong><\/span><\/p>\n<p><span style=\"color: #136690;\"><strong>I. \u00dastn\u011b podan\u00e1 \u017e\u00e1dost o poskytnut\u00ed informace<\/strong><\/span><\/p>\n<ol>\n<li>\n<div>\u00dastn\u00ed \u017e\u00e1dosti se pod\u00e1vaj\u00ed v kancel\u00e1\u0159i Obce \u017dichl\u00ednek v \u00fa\u0159edn\u00edch hodin\u00e1ch. 1<\/div>\n<\/li>\n<li>\n<div>Na z\u00e1klad\u011b \u00fastn\u011b podan\u00e9 \u017e\u00e1dosti se pod\u00e1vaj\u00ed pouze informace jednoduch\u00e9ho charakteru, kter\u00e9 nevy\u017eaduj\u00ed del\u0161\u00ed \u010dasovou n\u00e1ro\u010dnost a odpov\u011b\u010f nen\u00ed spojena s finan\u010dn\u00edmi n\u00e1klady.<\/div>\n<\/li>\n<li>\n<div>V p\u0159\u00edpad\u011b, \u017ee nelze postupovat v souladu s odst. 2 vyzve zam\u011bstnanec \u017eadatele k pod\u00e1n\u00ed p\u00edsemn\u00e9 \u017e\u00e1dosti.<\/div>\n<\/li>\n<li>\n<div>\u00dastn\u00ed pod\u00e1n\u00ed se neeviduj\u00ed a nepo\u0159izuje se p\u00edsemn\u00fd z\u00e1znam.<\/div>\n<\/li>\n<li>\n<div>V p\u0159\u00edpad\u011b, \u017ee zam\u011bstnanec posoud\u00ed \u00fastn\u011b podanou \u017e\u00e1dost jako pot\u0159ebnou zaevidovat, mus\u00ed b\u00fdt sou\u010dasn\u011b proveden p\u00edsemn\u00fd z\u00e1znam.<\/div>\n<\/li>\n<\/ol>\n<p><span style=\"color: #136690;\"><strong>II. P\u00edsemn\u011b podan\u00e1 \u017e\u00e1dost o poskytnut\u00ed informace<\/strong><\/span><\/p>\n<ol>\n<li>\n<div>P\u00edsemn\u00e9 \u017e\u00e1dosti se pod\u00e1vaj\u00ed v kancel\u00e1\u0159i Obce \u017dichl\u00ednek v \u00fa\u0159edn\u00edch hodin\u00e1ch.<\/div>\n<\/li>\n<li>\n<div>Ve\u0161ker\u00e9 podan\u00e9 \u017e\u00e1dosti se eviduj\u00ed v se\u0161it\u011b samostatn\u011b k tomuto \u00fa\u010delu ur\u010den\u00e9m v kancel\u00e1\u0159i Obec \u017dichl\u00ednek.<\/div>\n<\/li>\n<li>\n<div>Pod\u00e1n\u00ed informace se zpoplat\u0148uje dle cen\u00edku, kter\u00fd je ned\u00edlnou sou\u010d\u00e1st\u00ed t\u00e9to sm\u011brnice. Jeho aktualizaci zaji\u0161\u0165uje zastupitelstvo Obce \u017dichl\u00ednek.<br \/>\na) v\u00fdpo\u010det n\u00e1klad\u016f prov\u00e1d\u00ed osoba pod\u00e1vaj\u00edc\u00ed informaci<br \/>\nb) za spr\u00e1vnost vypo\u010dten\u00fdch n\u00e1klad\u016f odpov\u00edd\u00e1 osoba pod\u00e1vaj\u00edc\u00ed informace<br \/>\nc) zpoplat\u0148uj\u00ed se zejm\u00e9na informace obs\u00e1hl\u00e9, vy\u017eaduj\u00edc\u00ed souborn\u00e9 zpracov\u00e1n\u00ed z v\u00edce materi\u00e1lu, \u017e\u00e1dosti o informace pou\u017eiteln\u00e9 komer\u010dn\u011b atd.<br \/>\nd) Obec \u017dichl\u00ednek podmi\u0148uje vyd\u00e1n\u00ed informac\u00ed zaplacen\u00edm \u00fahrady n\u00e1klad\u016f a z\u00e1lohy na tuto \u00fahradu<br \/>\ne) informace bude vyd\u00e1na \u017eadateli pouze na z\u00e1klad\u011b potvrzen\u00ed o zaplacen\u00ed z\u00e1lohy na \u00fahradu n\u00e1klad\u016f ve v\u00fd\u0161i 200,-K\u010d, kter\u00e1 mus\u00ed b\u00fdt uhrazena v den pod\u00e1n\u00ed \u017e\u00e1dosti o poskytnut\u00ed informace v kancel\u00e1\u0159i Obce \u017dichl\u00ednek, a d\u00e1le pak bude informace vyd\u00e1na \u017eadateli pouze na z\u00e1klad\u011b potvrzen\u00ed o zaplacen\u00ed p\u0159\u00edpadn\u00e9ho doplatku \u00fahrady n\u00e1klad\u016f dle vy\u00fa\u010dtov\u00e1n\u00ed (p\u0159\u00edpadn\u00fd p\u0159eplatek se vrac\u00ed); v p\u0159\u00edpad\u011b nezaplacen\u00ed doplatku \u00fahrady n\u00e1klad\u016f do uplynut\u00ed lh\u016fty pro vy\u0159\u00edzen\u00ed \u017e\u00e1dosti, informace nebude vyd\u00e1na a z\u00e1loha se zapo\u010d\u00edt\u00e1 na \u00fahradu n\u00e1klad\u016f<br \/>\nf) v p\u0159\u00edpad\u011b, \u017ee \u017eadatel informaci nep\u0159evezme \u010di nevyzvedne ve lh\u016ft\u011b pro vy\u0159\u00edzen\u00ed \u017e\u00e1dosti, dojde dnem n\u00e1sleduj\u00edc\u00edm po uplynut\u00ed lh\u016fty k vy\u00fa\u010dtov\u00e1n\u00ed n\u00e1klad\u016f (p\u0159\u00edpadn\u00fd p\u0159eplatek se vrac\u00ed) a informace se d\u00e1le nevyd\u00e1v\u00e1<br \/>\ng) \u017eadateli bude na jeho \u017e\u00e1dost potvrzena p\u0159edpokl\u00e1dan\u00e1 v\u00fd\u0161e \u00fahrady n\u00e1klad\u016f i) ve\u0161ker\u00e9 platby (\u00fahrada n\u00e1klad\u016f) se prov\u00e1d\u011bj\u00ed na pokladn\u011b Obce \u017dichl\u00ednek<\/div>\n<\/li>\n<li>\n<div>Rozhodnut\u00ed o neposkytnut\u00ed informace vyd\u00e1v\u00e1 obecn\u00ed \u00fa\u0159ad \u017dichl\u00ednek.<\/div>\n<\/li>\n<li>\n<div>Proti rozhodnut\u00ed lze podat p\u00edsemn\u00e9 odvol\u00e1n\u00ed ve lh\u016ft\u011b do 15 dn\u016f od doru\u010den\u00ed rozhodnut\u00ed. Odvol\u00e1n\u00ed se pod\u00e1v\u00e1 v kancel\u00e1\u0159i Obce \u017dichl\u00ednek. \u017dadatel v odvol\u00e1n\u00ed uvede, kter\u00e9mu povinn\u00e9mu subjektu je ur\u010deno, kdo je \u010din\u00ed (jm\u00e9no, p\u0159\u00edjmen\u00ed a adresa \u017eadatele), kter\u00e9 v\u011bci se t\u00fdk\u00e1 a co sleduje, mus\u00ed b\u00fdt podeps\u00e1no a datov\u00e1no, proti kter\u00e9mu rozhodnut\u00ed sm\u011b\u0159uje, v jak\u00e9m rozsahu se napad\u00e1, v \u010dem je spat\u0159ov\u00e1na nespr\u00e1vnost tohoto rozhodnut\u00ed nebo postupu povinn\u00e9ho subjektu (odvolac\u00ed d\u016fvod) a \u010deho se \u017eadatel dom\u00e1h\u00e1 (odvolac\u00ed n\u00e1vrh). Proti rozhodnut\u00ed o odvol\u00e1n\u00ed se nelze odvolat. Odvol\u00e1n\u00ed proti rozhodnut\u00ed org\u00e1n\u016f obc\u00ed, kter\u00e9 se t\u00fdk\u00e1 informac\u00ed ve v\u011bcech p\u0159enesen\u00e9 p\u016fsobnosti, postupuje Obec \u017dichl\u00ednek v souladu s \u00a7 16 odst. 2 z\u00e1kona p\u0159\u00edslu\u0161n\u00e9mu povinn\u00e9mu subjektu. O odvol\u00e1n\u00ed proti rozhodnut\u00ed obecn\u00edho \u00fa\u0159adu, kter\u00e9 se t\u00fdk\u00e1 informac\u00ed ve v\u011bcech samostatn\u00e9 p\u016fsobnosti obce, rozhoduje zastupitelstvo Obce \u017dichl\u00ednek.<\/div>\n<\/li>\n<li>\n<div>Obec \u017dichl\u00ednek vede evidenci p\u00edsemn\u00fdch odpov\u011bd\u00ed a rozhodnut\u00ed o odm\u00edtnut\u00fdch \u017e\u00e1dostech pro pot\u0159ebu v\u00fdro\u010dn\u00ed zpr\u00e1vy. III. Internet (1) Obec \u017dichl\u00ednek zajist\u00ed zve\u0159ejn\u011bn\u00ed informac\u00ed na webov\u00fdch str\u00e1nk\u00e1ch Obce \u017dichl\u00ednek pro pot\u0159eby informovanosti ob\u010dan\u016f.<\/div>\n<\/li>\n<\/ol>\n<p><span style=\"color: #136690;\"><strong>\u010cl. 4 &#8211; V\u00fdro\u010dn\u00ed zpr\u00e1va<\/strong><\/span><\/p>\n<ol>\n<li>\n<div>V\u00fdro\u010dn\u00ed zpr\u00e1vu zpracov\u00e1v\u00e1 starosta Obce \u017dichl\u00ednek nejpozd\u011bji do 1. b\u0159ezna.<\/div>\n<\/li>\n<\/ol>\n<p><span style=\"color: #136690;\"><strong>\u010cl. 5 &#8211; Platnost organiza\u010dn\u00ed sm\u011brnice<\/strong><\/span><\/p>\n<ol>\n<li>\n<div>Organiza\u010dn\u00ed sm\u011brnice upravuj\u00edc\u00ed poskytov\u00e1n\u00ed informac\u00ed Obc\u00ed \u017dichl\u00ednek nab\u00fdv\u00e1 platnosti dnem 20.11.2002.<\/div>\n<\/li>\n<\/ol>\n<p><strong>V \u017dichlinku dne 19.11.2002<br \/>\nObec \u017dichl\u00ednek zast. Ji\u0159\u00edm \u0160ebrlem, starostou<br \/>\nRadovanem Filipem, m\u00edstostarostou<\/strong><\/p>\n","protected":false},"excerpt":{"rendered":"<p>Organiza\u010dn\u00ed sm\u011brnice upravuj\u00edc\u00ed poskytov\u00e1n\u00ed informac\u00ed Obc\u00ed \u017dichl\u00ednek \u010cl. 1 &#8211; Z\u00e1kladn\u00ed ustanoven\u00ed Tato sm\u011brnice upravuje postup p\u0159i poskytov\u00e1n\u00ed informac\u00ed \u017eadatel\u016fm Obc\u00ed \u017dichl\u00ednek podle z\u00e1kona \u010d. 106\/1999 Sb., o svobodn\u00e9m p\u0159\u00edstupu&hellip;<\/p>\n","protected":false},"author":1,"featured_media":0,"parent":0,"menu_order":0,"comment_status":"closed","ping_status":"closed","template":"","meta":{"_acf_changed":false,"ngg_post_thumbnail":0,"footnotes":""},"class_list":["post-565","page","type-page","status-publish","hentry"],"acf":[],"_links":{"self":[{"href":"https:\/\/zichlinek.eu\/index.php?rest_route=\/wp\/v2\/pages\/565"}],"collection":[{"href":"https:\/\/zichlinek.eu\/index.php?rest_route=\/wp\/v2\/pages"}],"about":[{"href":"https:\/\/zichlinek.eu\/index.php?rest_route=\/wp\/v2\/types\/page"}],"author":[{"embeddable":true,"href":"https:\/\/zichlinek.eu\/index.php?rest_route=\/wp\/v2\/users\/1"}],"replies":[{"embeddable":true,"href":"https:\/\/zichlinek.eu\/index.php?rest_route=%2Fwp%2Fv2%2Fcomments&post=565"}],"version-history":[{"count":2,"href":"https:\/\/zichlinek.eu\/index.php?rest_route=\/wp\/v2\/pages\/565\/revisions"}],"predecessor-version":[{"id":799,"href":"https:\/\/zichlinek.eu\/index.php?rest_route=\/wp\/v2\/pages\/565\/revisions\/799"}],"wp:attachment":[{"href":"https:\/\/zichlinek.eu\/index.php?rest_route=%2Fwp%2Fv2%2Fmedia&parent=565"}],"curies":[{"name":"wp","href":"https:\/\/api.w.org\/{rel}","templated":true}]}}