{"id":559,"date":"2023-08-07T08:33:34","date_gmt":"2023-08-07T06:33:34","guid":{"rendered":"https:\/\/zichlinek.eu\/?page_id=559"},"modified":"2023-11-11T14:28:49","modified_gmt":"2023-11-11T13:28:49","slug":"pravni-predpisy-epodatelna","status":"publish","type":"page","link":"https:\/\/zichlinek.eu\/?page_id=559","title":{"rendered":"Pr\u00e1vn\u00ed p\u0159edpisy ePodatelna"},"content":{"rendered":"<p>Seznam pr\u00e1vn\u00edch p\u0159edpis\u016f, podle kter\u00fdch je mo\u017en\u00e9 v\u016f\u010di Obecn\u00edmu \u00fa\u0159adu \u017dichl\u00ednek \u010dinit pr\u00e1vn\u00ed \u00fakony v elektronick\u00e9 podob\u011b a n\u00e1le\u017eitosti t\u011bchto \u00fakon\u016f, zejm\u00e9na n\u00e1le\u017eitosti t\u00fdkaj\u00edc\u00ed se pou\u017eit\u00ed zaru\u010den\u00e9ho elektronick\u00e9ho podpisu<\/p>\n<p>\u017d\u00e1dost o poskytnut\u00ed informace podle z\u00e1kona \u010d. 106\/1999 Sb., o svobodn\u00e9m p\u0159\u00edstupu k informac\u00edm, tj. p\u00edsemn\u00e1 \u017e\u00e1dost o informaci podle tohoto z\u00e1kona, nemus\u00ed b\u00fdt podeps\u00e1no zaru\u010den\u00fdm elektronick\u00fdm podpisem.<\/p>\n<p>Pod\u00e1n\u00ed podle z\u00e1kona \u010d. 500\/2004 Sb., spr\u00e1vn\u00ed \u0159\u00e1d<\/p>\n<ul>\n<li><span>mus\u00ed b\u00fdt podeps\u00e1no zaru\u010den\u00fdm elektronick\u00fdm podpisem zalo\u017een\u00fdm na kvalifikovan\u00e9m certifik\u00e1tu vydan\u00e9m akreditovan\u00fdm poskytovatelem certifika\u010dn\u00edch slu\u017eeb, nebo<\/span><\/li>\n<li><span>nemus\u00ed b\u00fdt podeps\u00e1no zaru\u010den\u00fdm elektronick\u00fdm podpisem zalo\u017een\u00fdm na kvalifikovan\u00e9m certifik\u00e1tu vydan\u00e9m akreditovan\u00fdm poskytovatelem certifika\u010dn\u00edch slu\u017eeb; v takov\u00e9m p\u0159\u00edpad\u011b mus\u00ed b\u00fdt do 3 dn\u016f dopln\u011bno<\/span><\/li>\n<\/ul>\n","protected":false},"excerpt":{"rendered":"<p>Seznam pr\u00e1vn\u00edch p\u0159edpis\u016f, podle kter\u00fdch je mo\u017en\u00e9 v\u016f\u010di Obecn\u00edmu \u00fa\u0159adu \u017dichl\u00ednek \u010dinit pr\u00e1vn\u00ed \u00fakony v elektronick\u00e9 podob\u011b a n\u00e1le\u017eitosti t\u011bchto \u00fakon\u016f, zejm\u00e9na n\u00e1le\u017eitosti t\u00fdkaj\u00edc\u00ed se pou\u017eit\u00ed zaru\u010den\u00e9ho elektronick\u00e9ho podpisu \u017d\u00e1dost&hellip;<\/p>\n","protected":false},"author":1,"featured_media":0,"parent":0,"menu_order":0,"comment_status":"closed","ping_status":"closed","template":"","meta":{"_acf_changed":false,"ngg_post_thumbnail":0,"footnotes":""},"class_list":["post-559","page","type-page","status-publish","hentry"],"acf":[],"_links":{"self":[{"href":"https:\/\/zichlinek.eu\/index.php?rest_route=\/wp\/v2\/pages\/559"}],"collection":[{"href":"https:\/\/zichlinek.eu\/index.php?rest_route=\/wp\/v2\/pages"}],"about":[{"href":"https:\/\/zichlinek.eu\/index.php?rest_route=\/wp\/v2\/types\/page"}],"author":[{"embeddable":true,"href":"https:\/\/zichlinek.eu\/index.php?rest_route=\/wp\/v2\/users\/1"}],"replies":[{"embeddable":true,"href":"https:\/\/zichlinek.eu\/index.php?rest_route=%2Fwp%2Fv2%2Fcomments&post=559"}],"version-history":[{"count":2,"href":"https:\/\/zichlinek.eu\/index.php?rest_route=\/wp\/v2\/pages\/559\/revisions"}],"predecessor-version":[{"id":2444,"href":"https:\/\/zichlinek.eu\/index.php?rest_route=\/wp\/v2\/pages\/559\/revisions\/2444"}],"wp:attachment":[{"href":"https:\/\/zichlinek.eu\/index.php?rest_route=%2Fwp%2Fv2%2Fmedia&parent=559"}],"curies":[{"name":"wp","href":"https:\/\/api.w.org\/{rel}","templated":true}]}}