{"id":557,"date":"2023-08-07T08:26:34","date_gmt":"2023-08-07T06:26:34","guid":{"rendered":"https:\/\/zichlinek.eu\/?page_id=557"},"modified":"2023-08-07T08:26:34","modified_gmt":"2023-08-07T06:26:34","slug":"podporovane-prilohy","status":"publish","type":"page","link":"https:\/\/zichlinek.eu\/?page_id=557","title":{"rendered":"Podporovan\u00e9 p\u0159\u00edlohy"},"content":{"rendered":"\n<p><img loading=\"lazy\" decoding=\"async\" width=\"64\" height=\"64\" src=\"http:\/\/doc.zichlinek.eu\/image\/typy_souboru\/doc.png\" alt=\"\">Dokument Microsoft Word a\u017e do verze 2003<br><br><br><br><br><img loading=\"lazy\" decoding=\"async\" width=\"64\" height=\"64\" src=\"http:\/\/doc.zichlinek.eu\/image\/typy_souboru\/docx.png\" alt=\"\">Dokument Microsoft Word od verze 2007 v\u00fd\u0161e<br><br><br><br><br><img loading=\"lazy\" decoding=\"async\" width=\"64\" height=\"64\" src=\"http:\/\/doc.zichlinek.eu\/image\/typy_souboru\/gif.png\" alt=\"\">CompuServe bitmap image (Graphics Interchange Format)<br><br><br><br><br><img loading=\"lazy\" decoding=\"async\" width=\"64\" height=\"64\" src=\"http:\/\/doc.zichlinek.eu\/image\/typy_souboru\/html.png\" alt=\"\">HyperText Markup Language soubor (str\u00e1nka WWW)<br><br><br><br><br><img loading=\"lazy\" decoding=\"async\" width=\"64\" height=\"64\" src=\"http:\/\/doc.zichlinek.eu\/image\/typy_souboru\/jpg.png\" alt=\"\">JPEG obr\u00e1zek<br><br><br><br><br><img loading=\"lazy\" decoding=\"async\" width=\"64\" height=\"64\" src=\"http:\/\/doc.zichlinek.eu\/image\/typy_souboru\/pdf.png\" alt=\"\">Portable document format: Adobe Acrobat soubor<br><br><br><br><br><img loading=\"lazy\" decoding=\"async\" width=\"64\" height=\"64\" src=\"http:\/\/doc.zichlinek.eu\/image\/typy_souboru\/rar.png\" alt=\"\">Komprimovan\u00fd soubor, arch\u00edv RAR. Celkov\u00fd soubor m\u016f\u017ee b\u00fdt slo\u017een z v\u00edce soubor\u016f o\u010d\u00edslovan\u00fdch dle po\u0159ad\u00ed.<br><br><br><br><br><img loading=\"lazy\" decoding=\"async\" width=\"64\" height=\"64\" src=\"http:\/\/doc.zichlinek.eu\/image\/typy_souboru\/rtf.png\" alt=\"\">Rich Text Format dokument<br><br><br><br><br><img loading=\"lazy\" decoding=\"async\" width=\"64\" height=\"64\" src=\"http:\/\/doc.zichlinek.eu\/image\/typy_souboru\/txt.png\" alt=\"\">Textov\u00fd soubor (\u010dist\u00fd text)<br><br><br><br><br><img loading=\"lazy\" decoding=\"async\" width=\"64\" height=\"64\" src=\"http:\/\/doc.zichlinek.eu\/image\/typy_souboru\/xlsx.png\" alt=\"\">Se\u0161it Microsoft Excel<br><br><br><br><br><img loading=\"lazy\" decoding=\"async\" width=\"64\" height=\"64\" alt=\"\" src=\"http:\/\/doc.zichlinek.eu\/image\/typy_souboru\/zip.png\">ZIP arch\u00edv<br><br><\/p>\n","protected":false},"excerpt":{"rendered":"<p>Dokument Microsoft Word a\u017e do verze 2003 Dokument Microsoft Word od verze 2007 v\u00fd\u0161e CompuServe bitmap image (Graphics Interchange Format) HyperText Markup Language soubor (str\u00e1nka WWW) JPEG obr\u00e1zek Portable document&hellip;<\/p>\n","protected":false},"author":1,"featured_media":0,"parent":0,"menu_order":0,"comment_status":"closed","ping_status":"closed","template":"","meta":{"_acf_changed":false,"ngg_post_thumbnail":0,"footnotes":""},"class_list":["post-557","page","type-page","status-publish","hentry"],"acf":[],"_links":{"self":[{"href":"https:\/\/zichlinek.eu\/index.php?rest_route=\/wp\/v2\/pages\/557"}],"collection":[{"href":"https:\/\/zichlinek.eu\/index.php?rest_route=\/wp\/v2\/pages"}],"about":[{"href":"https:\/\/zichlinek.eu\/index.php?rest_route=\/wp\/v2\/types\/page"}],"author":[{"embeddable":true,"href":"https:\/\/zichlinek.eu\/index.php?rest_route=\/wp\/v2\/users\/1"}],"replies":[{"embeddable":true,"href":"https:\/\/zichlinek.eu\/index.php?rest_route=%2Fwp%2Fv2%2Fcomments&post=557"}],"version-history":[{"count":1,"href":"https:\/\/zichlinek.eu\/index.php?rest_route=\/wp\/v2\/pages\/557\/revisions"}],"predecessor-version":[{"id":558,"href":"https:\/\/zichlinek.eu\/index.php?rest_route=\/wp\/v2\/pages\/557\/revisions\/558"}],"wp:attachment":[{"href":"https:\/\/zichlinek.eu\/index.php?rest_route=%2Fwp%2Fv2%2Fmedia&parent=557"}],"curies":[{"name":"wp","href":"https:\/\/api.w.org\/{rel}","templated":true}]}}