{"id":554,"date":"2023-08-07T08:24:29","date_gmt":"2023-08-07T06:24:29","guid":{"rendered":"https:\/\/zichlinek.eu\/?page_id=554"},"modified":"2023-08-07T08:24:29","modified_gmt":"2023-08-07T06:24:29","slug":"epodatelna","status":"publish","type":"page","link":"https:\/\/zichlinek.eu\/?page_id=554","title":{"rendered":"ePodatelna"},"content":{"rendered":"<p>Ofici\u00e1ln\u00ed pod\u00e1n\u00ed pros\u00edm zas\u00edlejte na adresu:<\/p>\n<p><span style=\"font-size: 26px; color: #235789;\">podatelna@zichlinek.eu<\/span><\/p>\n<p>Va\u0161e pod\u00e1n\u00ed je pova\u017eov\u00e1no za p\u0159ijat\u00e9 v souladu s \u00a72 vyhl\u00e1\u0161ky \u010d. 496\/2004 Sb., o elektronick\u00fdch podateln\u00e1ch, pokud obdr\u017e\u00edte potvrzen\u00ed o p\u0159ijet\u00ed opat\u0159en\u00e9 kvalifikovanou elektronickou zna\u010dkou Obecn\u00edho \u00fa\u0159adu \u017dichl\u00ednek.<\/p>\n<p>Pokud budete ke sv\u00e9mu e-mailu p\u0159ikl\u00e1dat dokument formou p\u0159\u00edlohy, pod\u00edvejte se sem, kter\u00e9 typy dokument\u016f jsou podporov\u00e1ny.<\/p>\n","protected":false},"excerpt":{"rendered":"<p>Ofici\u00e1ln\u00ed pod\u00e1n\u00ed pros\u00edm zas\u00edlejte na adresu: podatelna@zichlinek.eu Va\u0161e pod\u00e1n\u00ed je pova\u017eov\u00e1no za p\u0159ijat\u00e9 v souladu s \u00a72 vyhl\u00e1\u0161ky \u010d. 496\/2004 Sb., o elektronick\u00fdch podateln\u00e1ch, pokud obdr\u017e\u00edte potvrzen\u00ed o p\u0159ijet\u00ed opat\u0159en\u00e9&hellip;<\/p>\n","protected":false},"author":1,"featured_media":0,"parent":0,"menu_order":0,"comment_status":"closed","ping_status":"closed","template":"","meta":{"_acf_changed":false,"ngg_post_thumbnail":0,"footnotes":""},"class_list":["post-554","page","type-page","status-publish","hentry"],"acf":[],"_links":{"self":[{"href":"https:\/\/zichlinek.eu\/index.php?rest_route=\/wp\/v2\/pages\/554","targetHints":{"allow":["GET"]}}],"collection":[{"href":"https:\/\/zichlinek.eu\/index.php?rest_route=\/wp\/v2\/pages"}],"about":[{"href":"https:\/\/zichlinek.eu\/index.php?rest_route=\/wp\/v2\/types\/page"}],"author":[{"embeddable":true,"href":"https:\/\/zichlinek.eu\/index.php?rest_route=\/wp\/v2\/users\/1"}],"replies":[{"embeddable":true,"href":"https:\/\/zichlinek.eu\/index.php?rest_route=%2Fwp%2Fv2%2Fcomments&post=554"}],"version-history":[{"count":1,"href":"https:\/\/zichlinek.eu\/index.php?rest_route=\/wp\/v2\/pages\/554\/revisions"}],"predecessor-version":[{"id":555,"href":"https:\/\/zichlinek.eu\/index.php?rest_route=\/wp\/v2\/pages\/554\/revisions\/555"}],"wp:attachment":[{"href":"https:\/\/zichlinek.eu\/index.php?rest_route=%2Fwp%2Fv2%2Fmedia&parent=554"}],"curies":[{"name":"wp","href":"https:\/\/api.w.org\/{rel}","templated":true}]}}