{"id":548,"date":"2023-08-07T08:00:02","date_gmt":"2023-08-07T06:00:02","guid":{"rendered":"https:\/\/zichlinek.eu\/?page_id=548"},"modified":"2023-08-21T07:59:11","modified_gmt":"2023-08-21T05:59:11","slug":"zpracovani-osobnich-udaju","status":"publish","type":"page","link":"https:\/\/zichlinek.eu\/?page_id=548","title":{"rendered":"Zpracov\u00e1n\u00ed osobn\u00edch \u00fadaj\u016f"},"content":{"rendered":"\n<p>Obec zpracov\u00e1v\u00e1 osobn\u00ed \u00fadaje (d\u00e1le jen \u201eO\u00da\u201c) ve ve\u0159ejn\u00e9m z\u00e1jmu a v&nbsp;nezbytn\u00e9m rozsahu pro pln\u011bn\u00ed povinnost\u00ed vypl\u00fdvaj\u00edc\u00edch ze z\u00e1kona o obc\u00edch a dal\u0161\u00edch obecn\u011b z\u00e1vazn\u00fdch pr\u00e1vn\u00edch p\u0159edpis\u016f. Obec d\u00e1le po\u0159izuje obrazov\u00e9 z\u00e1znamy z akc\u00ed, kter\u00e9 publikuje na sv\u00e9m webu, v&nbsp;obecn\u00edm zpravodaji a na obecn\u00edch str\u00e1nk\u00e1ch Facebooku. O\u00da jsou p\u0159ed\u00e1v\u00e1ny pouze z\u00e1konem stanoven\u00fdm osob\u00e1m v\u010detn\u011b p\u0159ed\u00e1v\u00e1n\u00ed O\u00da do jin\u00fdch st\u00e1t\u016f.<\/p>\n\n\n\n<p>Ka\u017ed\u00fd m\u00e1 mo\u017enost podat na zp\u016fsob zpracov\u00e1n\u00ed O\u00da st\u00ed\u017enost u dozorov\u00e9ho \u00fa\u0159adu a m\u00e1 pr\u00e1vo po\u017eadovat od obce p\u0159\u00edstup k osobn\u00edm \u00fadaj\u016fm, jejich opravu, v\u00fdmaz, p\u0159enos O\u00da, omezen\u00ed zpracov\u00e1n\u00ed a m\u00e1 pr\u00e1vo vzn\u00e9st n\u00e1mitku proti zpracov\u00e1n\u00ed \u00fadaj\u016f.<\/p>\n\n\n\n<p class=\"has-text-color\" style=\"color:#136690\"><strong>Spr\u00e1vce O\u00da:<\/strong><\/p>\n\n\n\n<p>Obec \u017dichl\u00ednek<br>s\u00eddlo: \u017dichl\u00ednek 3, 56301, I\u010c: 00279862, DS: i7ja5r5 , telefon: 465324552, e-mail: obec@zichlinek.eu<\/p>\n\n\n\n<p class=\"has-text-color\" style=\"color:#136690\"><strong>Pov\u011b\u0159enec pro O\u00da:<\/strong><\/p>\n\n\n\n<p>Dobrovoln\u00fd svazek obc\u00ed LAN\u0160KROUNSKO,<br>I\u010cO 70902640, s\u00eddlo Lan\u0161kroun, n\u00e1m. J. M. Mark\u016f&nbsp;12, DS: 9e7dzu4,<br>kontaktn\u00ed osoba: RNDr. Anton\u00edn Fiala, e-mail: fiala@redea.cz, tel. +420&nbsp;603&nbsp;874&nbsp;843<\/p>\n","protected":false},"excerpt":{"rendered":"<p>Obec zpracov\u00e1v\u00e1 osobn\u00ed \u00fadaje (d\u00e1le jen \u201eO\u00da\u201c) ve ve\u0159ejn\u00e9m z\u00e1jmu a v&nbsp;nezbytn\u00e9m rozsahu pro pln\u011bn\u00ed povinnost\u00ed vypl\u00fdvaj\u00edc\u00edch ze z\u00e1kona o obc\u00edch a dal\u0161\u00edch obecn\u011b z\u00e1vazn\u00fdch pr\u00e1vn\u00edch p\u0159edpis\u016f. Obec d\u00e1le po\u0159izuje&hellip;<\/p>\n","protected":false},"author":1,"featured_media":0,"parent":0,"menu_order":0,"comment_status":"closed","ping_status":"closed","template":"","meta":{"_acf_changed":false,"ngg_post_thumbnail":0,"footnotes":""},"class_list":["post-548","page","type-page","status-publish","hentry"],"acf":[],"_links":{"self":[{"href":"https:\/\/zichlinek.eu\/index.php?rest_route=\/wp\/v2\/pages\/548"}],"collection":[{"href":"https:\/\/zichlinek.eu\/index.php?rest_route=\/wp\/v2\/pages"}],"about":[{"href":"https:\/\/zichlinek.eu\/index.php?rest_route=\/wp\/v2\/types\/page"}],"author":[{"embeddable":true,"href":"https:\/\/zichlinek.eu\/index.php?rest_route=\/wp\/v2\/users\/1"}],"replies":[{"embeddable":true,"href":"https:\/\/zichlinek.eu\/index.php?rest_route=%2Fwp%2Fv2%2Fcomments&post=548"}],"version-history":[{"count":2,"href":"https:\/\/zichlinek.eu\/index.php?rest_route=\/wp\/v2\/pages\/548\/revisions"}],"predecessor-version":[{"id":806,"href":"https:\/\/zichlinek.eu\/index.php?rest_route=\/wp\/v2\/pages\/548\/revisions\/806"}],"wp:attachment":[{"href":"https:\/\/zichlinek.eu\/index.php?rest_route=%2Fwp%2Fv2%2Fmedia&parent=548"}],"curies":[{"name":"wp","href":"https:\/\/api.w.org\/{rel}","templated":true}]}}