{"id":484,"date":"2023-08-02T09:44:17","date_gmt":"2023-08-02T07:44:17","guid":{"rendered":"https:\/\/zichlinek.eu\/?page_id=484"},"modified":"2023-08-03T07:57:18","modified_gmt":"2023-08-03T05:57:18","slug":"rezervacni-system","status":"publish","type":"page","link":"https:\/\/zichlinek.eu\/?page_id=484","title":{"rendered":"Rezerva\u010dn\u00ed syst\u00e9m"},"content":{"rendered":"\n<p>Za\u017e\u00e1dat o pron\u00e1jem n\u011bkter\u00e9ho z objekt\u016f v obci m\u016f\u017eete skrze n\u00e1\u0161 elektronick\u00fd rezerva\u010dn\u00ed syst\u00e9m. Z\u00e1rove\u0148 do n\u011bho m\u016f\u017eete nahl\u00ed\u017eet a hledat voln\u00e9 term\u00edny. <a href=\"https:\/\/rs.zichlinek.eu\/\" style=\"text-decoration: none; color: #235789;\">Odkaz na rezerva\u010dn\u00ed syst\u00e9m<\/a><\/p>\n","protected":false},"excerpt":{"rendered":"<p>Za\u017e\u00e1dat o pron\u00e1jem n\u011bkter\u00e9ho z objekt\u016f v obci m\u016f\u017eete skrze n\u00e1\u0161 elektronick\u00fd rezerva\u010dn\u00ed syst\u00e9m. Z\u00e1rove\u0148 do n\u011bho m\u016f\u017eete nahl\u00ed\u017eet a hledat voln\u00e9 term\u00edny. Odkaz na rezerva\u010dn\u00ed syst\u00e9m<\/p>\n","protected":false},"author":1,"featured_media":0,"parent":0,"menu_order":0,"comment_status":"closed","ping_status":"closed","template":"","meta":{"_acf_changed":false,"ngg_post_thumbnail":0,"footnotes":""},"class_list":["post-484","page","type-page","status-publish","hentry"],"acf":[],"_links":{"self":[{"href":"https:\/\/zichlinek.eu\/index.php?rest_route=\/wp\/v2\/pages\/484","targetHints":{"allow":["GET"]}}],"collection":[{"href":"https:\/\/zichlinek.eu\/index.php?rest_route=\/wp\/v2\/pages"}],"about":[{"href":"https:\/\/zichlinek.eu\/index.php?rest_route=\/wp\/v2\/types\/page"}],"author":[{"embeddable":true,"href":"https:\/\/zichlinek.eu\/index.php?rest_route=\/wp\/v2\/users\/1"}],"replies":[{"embeddable":true,"href":"https:\/\/zichlinek.eu\/index.php?rest_route=%2Fwp%2Fv2%2Fcomments&post=484"}],"version-history":[{"count":3,"href":"https:\/\/zichlinek.eu\/index.php?rest_route=\/wp\/v2\/pages\/484\/revisions"}],"predecessor-version":[{"id":515,"href":"https:\/\/zichlinek.eu\/index.php?rest_route=\/wp\/v2\/pages\/484\/revisions\/515"}],"wp:attachment":[{"href":"https:\/\/zichlinek.eu\/index.php?rest_route=%2Fwp%2Fv2%2Fmedia&parent=484"}],"curies":[{"name":"wp","href":"https:\/\/api.w.org\/{rel}","templated":true}]}}