{"id":478,"date":"2023-08-02T09:44:17","date_gmt":"2023-08-02T07:44:17","guid":{"rendered":"https:\/\/zichlinek.eu\/?page_id=478"},"modified":"2023-08-03T07:59:49","modified_gmt":"2023-08-03T05:59:49","slug":"zs-a-ms-zichlinek","status":"publish","type":"page","link":"https:\/\/zichlinek.eu\/?page_id=478","title":{"rendered":"Z\u0160 a M\u0160 \u017dichl\u00ednek"},"content":{"rendered":"\n<p>Ve\u0161ker\u00e9 aktu\u00e1ln\u00ed informace naleznete na ofici\u00e1ln\u00edch str\u00e1nk\u00e1ch \u0161koly:\u00a0<a rel=\"noreferrer noopener\" href=\"http:\/\/www.zsamszichlinek.cz\" target=\"_blank\">www.zsamszichlinek.cz<\/a><\/p>\n","protected":false},"excerpt":{"rendered":"<p>Ve\u0161ker\u00e9 aktu\u00e1ln\u00ed informace naleznete na ofici\u00e1ln\u00edch str\u00e1nk\u00e1ch \u0161koly:\u00a0www.zsamszichlinek.cz<\/p>\n","protected":false},"author":1,"featured_media":0,"parent":0,"menu_order":0,"comment_status":"closed","ping_status":"closed","template":"","meta":{"_acf_changed":false,"ngg_post_thumbnail":0,"footnotes":""},"class_list":["post-478","page","type-page","status-publish","hentry"],"acf":[],"_links":{"self":[{"href":"https:\/\/zichlinek.eu\/index.php?rest_route=\/wp\/v2\/pages\/478"}],"collection":[{"href":"https:\/\/zichlinek.eu\/index.php?rest_route=\/wp\/v2\/pages"}],"about":[{"href":"https:\/\/zichlinek.eu\/index.php?rest_route=\/wp\/v2\/types\/page"}],"author":[{"embeddable":true,"href":"https:\/\/zichlinek.eu\/index.php?rest_route=\/wp\/v2\/users\/1"}],"replies":[{"embeddable":true,"href":"https:\/\/zichlinek.eu\/index.php?rest_route=%2Fwp%2Fv2%2Fcomments&post=478"}],"version-history":[{"count":2,"href":"https:\/\/zichlinek.eu\/index.php?rest_route=\/wp\/v2\/pages\/478\/revisions"}],"predecessor-version":[{"id":517,"href":"https:\/\/zichlinek.eu\/index.php?rest_route=\/wp\/v2\/pages\/478\/revisions\/517"}],"wp:attachment":[{"href":"https:\/\/zichlinek.eu\/index.php?rest_route=%2Fwp%2Fv2%2Fmedia&parent=478"}],"curies":[{"name":"wp","href":"https:\/\/api.w.org\/{rel}","templated":true}]}}