{"id":441,"date":"2023-08-02T09:00:26","date_gmt":"2023-08-02T07:00:26","guid":{"rendered":"https:\/\/zichlinek.eu\/?page_id=441"},"modified":"2024-08-01T22:07:00","modified_gmt":"2024-08-01T20:07:00","slug":"povesti","status":"publish","type":"page","link":"https:\/\/zichlinek.eu\/?page_id=441","title":{"rendered":"Pov\u011bsti"},"content":{"rendered":"\n<h2 class=\"wp-block-heading\"><span style=\"color: #136690;\">O mal\u00e9m pt\u00e1\u010dkovi<\/span><\/h2>\n\n\n\n<p>Na doln\u00edm konci \u017dichl\u00ednka v zelen\u011b nat\u0159en\u00e9m domku \u017eila star\u00e1 \u017eena. Kdy\u017e onemocn\u011bla, m\u011bla ka\u017edou noc zvl\u00e1\u0161tn\u00ed n\u00e1v\u0161t\u011bvu. O jeden\u00e1ct\u00e9 hodin\u011b k n\u00ed p\u0159ilet\u011bl takov\u00fd divn\u00fd pt\u00e1\u010dek, kter\u00fd se p\u0159ed n\u00ed postavil a k\u0159i\u010del: &#8222;J\u00e1 m\u00e1m hlad, j\u00e1 m\u00e1m hlad!&#8220; I dala mu drob\u00edtek chleba a on odlet\u011bl.<\/p>\n\n\n\n<p>\u017den\u011b to bylo divn\u00e9, co ten pt\u00e1\u010dek chce a co ty jeho n\u00e1v\u0161t\u011bvy znamenaj\u00ed. Po\u017e\u00e1dala sv\u00e9ho bratra a je\u0161t\u011b n\u011bkter\u00e9 p\u0159\u00edbuzn\u00e9, aby z\u016fstali u n\u00ed p\u0159es noc. V obvyklou hodinu p\u0159ilet\u011bl pt\u00e1\u010dek, postavil se a k\u0159i\u010del: &#8222;J\u00e1 m\u00e1m hlad, j\u00e1 m\u00e1m hlad!&#8220; D\u0159\u00edv ne\u017e mu sta\u010dilo n\u011bco d\u00e1t, odlet\u011bl. Teprve asi po \u010dtvrt roce n\u00e1v\u0161t\u011bvy p\u0159estaly a \u017eena se uzdravila.<\/p>\n\n\n\n<hr class=\"wp-block-separator has-text-color has-black-color has-alpha-channel-opacity has-black-background-color has-background is-style-wide\"\/>\n\n\n\n<h2 class=\"wp-block-heading\"><span style=\"color: #136690;\">O sov\u011b na h\u0159bitov\u011b<\/span><\/h2>\n\n\n\n<p>V \u017dichl\u00ednku jeden \u010das sed\u00e1vala na strom\u011b u vchodu na h\u0159bitov sova, kter\u00e1 lidi r\u00e1da stra\u0161\u00edvala. Na ka\u017ed\u00e9ho vyvalovala o\u010di a po ka\u017ed\u00e9m h\u00e1zela k\u016fstky mrtvol. Trvalo to hezky dlouho. Lid\u00e9 se b\u00e1li tudy chodit a marsn\u011b si s t\u00edm l\u00e1mali hlavu, co by to mohlo znamenat. Nakonec, jak rychle se objevila, tak rychle zmizela.<\/p>\n\n\n\n<hr class=\"wp-block-separator has-text-color has-black-color has-alpha-channel-opacity has-black-background-color has-background is-style-wide\"\/>\n\n\n\n<h2 class=\"wp-block-heading\"><span style=\"color: #136690;\">O jezdci na vichru<\/span><\/h2>\n\n\n\n<p>Jednou \u0161el sedl\u00e1k ze \u017dichl\u00ednku do Albrechtic. Kdy\u017e p\u0159i\u0161el k albrechtick\u00e9mu morov\u00e9mu sloupu, strhla se za n\u00edm v\u011bt\u0159ice, s kterou se na koni p\u0159ihnal jezdec. Sedl\u00e1k \u0161el rychleji a jezdec za n\u00edm. Ze strachu se sedl\u00e1k dal do b\u011bhu a b\u011b\u017eel a\u017e k pansk\u00e9mu ml\u00fdnu. Tenkr\u00e1t v n\u011bm byl n\u011bjak\u00fd Blouho\u0148. Pode ml\u00fdnem byla takov\u00e1 prohlube\u0148 vody, do kter\u00e9 sedl\u00e1k vsko\u010dil a pomalu se p\u0159ebrodil na druhou stranu. Jezdce u\u017e za sebou nem\u011bl. Kdo v\u00ed, kdo to byl?<\/p>\n\n\n\n<hr class=\"wp-block-separator has-text-color has-black-color has-alpha-channel-opacity has-black-background-color has-background is-style-wide\"\/>\n\n\n\n<h2 class=\"wp-block-heading\"><span style=\"color: #136690;\">O blatech<\/span><\/h2>\n\n\n\n<p>Na Blatech, \u010dili Bahnisk\u00e1ch, na ba\u017einat\u00fdch luk\u00e1ch na jih od \u017dichl\u00ednka tak\u00e9 nen\u00ed a nebylo bezpe\u010dno a jisto.<\/p>\n\n\n\n<p>Jednou na \u0160t\u011bdr\u00fd ve\u010der \u0161lo n\u011bkolik d\u011bv\u010dat z moravsk\u00e9ho Rychnova do \u017dichl\u00ednku na p\u016flno\u010dn\u00ed. \u0160la t\u011bsn\u011b p\u0159i sob\u011b a vedla se pod pa\u017e\u00ed, proto\u017ee se b\u00e1la. Kdy\u017e do\u0161la k sv. Trojici, sly\u0161ela p\u0159ed sebou vol\u00e1n\u00ed o pomoc: &#8222;Kde jste v\u0161ichni, poj\u010fte sem'&#8220;<\/p>\n\n\n\n<p>D\u011bv\u010data se nejd\u0159\u00edve po sob\u011b pod\u00edvala a s hr\u016fzou seznala, \u017ee jedna z nich sch\u00e1z\u00ed. Honem b\u011b\u017eela po hlase a vyvedla sch\u00e1zej\u00edc\u00ed, kter\u00e1 byla u\u017e daleko v luk\u00e1ch, z bludu. Sama nev\u011bd\u011bla, jak se tam ocitla. U\u017e kolikr\u00e1t v noci se tu leckdo ztratit a beze stopy zmizel. Proto tudy lid\u00e9 v noci neradi chod\u00ed. M\u00e1-li se z nich n\u011bkdo ztratit, pozn\u00e1 se to pr\u00fd p\u0159edem. P\u0159ijde tepl\u00fd v\u00e1nek a v tom, ani\u017e by to s\u00e1m \u010dlov\u011bk pozoroval, jeden z nich zmiz\u00ed.<\/p>\n\n\n\n<p>O tajuplnosti se p\u0159esv\u011bd\u010dil i jeden rychnovsk\u00fd sedl\u00e1k, kter\u00fd jel z lan\u0161krounsk\u00e9ho trhu dom\u016f. V bahnisk\u00e1ch pozoroval, \u017ee za n\u00edm jede n\u011bjak\u00e1 b\u00edl\u00e1 pan\u00ed na koni. Pak najednou zmizela. Zanedlouho sedl\u00e1k um\u0159el.<\/p>\n\n\n\n<hr class=\"wp-block-separator has-text-color has-black-color has-alpha-channel-opacity has-black-background-color has-background is-style-wide\"\/>\n\n\n\n<h2 class=\"wp-block-heading\"><span style=\"color: #136690;\">O hradu Blatn\u00edku<\/span><\/h2>\n\n\n\n<p>Na ji\u017en\u00edm konci vsi, asi stopades\u00e1t krok\u016f od \u017eelezni\u010dn\u00edho mostu na prav\u00e9m b\u0159ehu \u0159\u00ed\u010dky S\u00e1zavy, b\u00fdval a\u017e do stavby dr\u00e1hy p\u0159\u00edkr\u00fd pahrbek na Blatech, chr\u00e1n\u011bn\u00fd siln\u00fdm valem a dv\u011bma \u0161irok\u00fdmi p\u0159\u00edkopy. M\u011bl t\u00e9m\u011b\u0159 dv\u011b m\u011b\u0159ice rozlohy a byl na \u010dty\u0159i s\u00e1hy vysok\u00fd. I val s\u00e1m byl o p\u016fl s\u00e1hu vy\u0161\u0161\u00ed. Na \u010de\u0159enu kopce st\u00e1vala tvrz \u010di hrad se sklepy, kter\u00e9 pr\u00fd slou\u017e\u00edvaly za kon\u00edrny. Zdi hr\u00e1dku byly \u0161irok\u00e9 a pevn\u00e9, kamenn\u00e1 ost\u011bn\u00ed oken a dve\u0159\u00ed byly ozdobn\u00e9 pr\u00e1ce. Z\u0159\u00edcenin\u00e1m \u0159\u00edkali lid\u00e9 Grotful, za slovansk\u00e9ho os\u00eddlen\u00ed asi hrad Blatn\u00edk. Pozd\u011bj\u00ed tam st\u00e1vala chaloupka, kter\u00e1 z\u0159ejm\u011b sho\u0159ela.<\/p>\n\n\n\n<p>Ze z\u00e1meck\u00e9ho lan\u0161krounsk\u00e9ho vrchu vedla v podzem\u00ed chodba a\u017e do blatnick\u00e9ho hradu.<\/p>\n\n\n\n<hr class=\"wp-block-separator has-text-color has-black-color has-alpha-channel-opacity has-black-background-color has-background is-style-wide\"\/>\n\n\n\n<h2 class=\"wp-block-heading\"><span style=\"color: #136690;\">O Svat\u00e9 Trojici<\/span><\/h2>\n\n\n\n<p>U Blatn\u00edka za \u017eichl\u00ednskou rychtou postavili sochu sv. Trojice na sr\u00e1zn\u00e9m b\u0159ehu. Od d\u00e1vna je tu smutno, neveselo a ka\u017ed\u00fd si rad\u011bji zajde, ne\u017e by tudy ve\u010der \u0161el. B\u00fdvalo tu sl\u00fdchat divn\u00e9 mru\u010den\u00ed, jakoby n\u011bkdo st\u00e1l za sochou, ale nikdo vid\u011bt nebyl. Jednou tudy \u0161el kdosi z n\u00e1dra\u017e\u00ed a sly\u0161el mru\u010den\u00ed. P\u0159epadla ho hr\u016fza a dal se do b\u011bhu. Bohu\u017eel nezn\u00e1m\u00fd nevid\u011bl sr\u00e1z a spadl st\u0159emhlav dol\u016f. Dom\u016f p\u0159i\u0161el pohmo\u017ed\u011bn a sam\u00e1 boule. Brzy na to zem\u0159el.<\/p>\n\n\n\n<hr class=\"wp-block-separator has-text-color has-black-color has-alpha-channel-opacity has-black-background-color has-background is-style-wide\"\/>\n\n\n\n<h2 class=\"wp-block-heading\"><span style=\"color: #136690;\">O Pann\u011b Marii<\/span><\/h2>\n\n\n\n<p>V Bahnisk\u00e1ch u Blatn\u00edka b\u00fdvala velmi \u010dasto velk\u00e1 voda. Z moravsk\u00e9ho Rychnova b\u00fdvala cesta do \u017dichl\u00ednku zatopena. Jel tudy \u010dlov\u011bk z Lan\u0161krouna, jeho\u017e k\u016f\u0148 se jen zvolna brodil vodou, kter\u00e1 jezdci sahala skoro a\u017e po p\u00e1s. I za\u010dal l\u00e1te\u0159it a sakrovat a\u017e hr\u016fza. Tu se p\u0159ed n\u00edm vzn\u00e1\u0161ela Panna Marie. Na \u010dele mu vyvstal pot, jak se b\u00e1l. P\u0159es Blata se dostal \u0161\u0165astn\u011b a\u017e dom\u016f. Zanedlouho zem\u0159el.<\/p>\n\n\n\n<hr class=\"wp-block-separator has-text-color has-black-color has-alpha-channel-opacity has-black-background-color has-background is-style-wide\"\/>\n\n\n\n<h2 class=\"wp-block-heading\"><span style=\"color: #136690;\">O vodn\u00ed pann\u011b<\/span><\/h2>\n\n\n\n<p>U Blatn\u00edka se d\u0159\u00edve hodn\u011b ryba\u0159ilo. Tam, kde je dnes dr\u00e1ha, b\u00fdval rybn\u00edk. Tam se d\u00e1valy pole\u010de. Zvl\u00e1\u0161tn\u00ed bylo, \u017ee kdy\u017e pr\u0161elo, b\u00fdvalo sly\u0161et z vody zp\u011bt a kdy\u017e bylo hezky, bylo sly\u0161et tich\u00fd pl\u00e1\u010d.Tak\u00e9 voda m\u011bnila barvu. P\u0159ed de\u0161t\u011bm b\u00fdvala kaln\u011bj\u0161\u00ed a nazelenal\u00e1, kdy\u017e m\u011blo b\u00fdt hezky, byla do ruda a \u010dist\u00e1. Kdy\u017e to sly\u0161el jeden Rychnov\u00e1k, pravil: &#8222;To bych r\u00e1d v\u011bd\u011bl, kam se ty pole\u010de d\u011bj\u00ed? Kdybych tam byl, tak bych vy\u010d\u00edhal, kdo je bere.&#8220; Jednou p\u0159i\u0161el a pole\u010d si dal. Pomalu odch\u00e1zel, pozp\u00e1tky a nespou\u0161t\u011bl z n\u00ed oka. Nezmizela, ale jen se mali\u010dko ohl\u00e9dl po n\u011b\u010dem jin\u00e9m, u\u017e byla pry\u010d. Vr\u00e1til se k vod\u011b a do n\u00ed \u0159ekl: &#8222;To bych r\u00e1d vid\u011bl tu \u010darod\u011bjnici, co mi ji vzala!&#8220; A sotva to do\u0159ekl, vyno\u0159ila se z vody rudozelen\u00e1 vodn\u00ed panna, chm\u00e1tla a st\u00e1hla ho k sob\u011b do vody.<\/p>\n\n\n\n<hr class=\"wp-block-separator has-text-color has-black-color has-alpha-channel-opacity has-black-background-color has-background is-style-wide\"\/>\n\n\n\n<h2 class=\"wp-block-heading\"><span style=\"color: #136690;\">O Hus\u00edm krku<\/span><\/h2>\n\n\n\n<p>U \u010dp. 18 se d\u011blala nov\u00e1 vozov\u00e1 cesta. Z nem\u00edstn\u00e9 \u0161etrnosti ji d\u011blali p\u0159\u00edli\u0161 \u00fazkou. To mrzelo star\u00e9ho Halbr\u0161t\u00e1ta, majitele zmi\u0148ovan\u00e9ho \u010d\u00edsla. Byl by cestu cht\u011bl o n\u011bco \u0161ir\u0161\u00ed, l\u00e9pe by se mu hodila, ale se sv\u00fdm n\u00e1vrhem nepochodil. V rozhorlen\u00ed \u0159ekl: &#8222;To je rozum! Ud\u011blat takov\u00fd hus\u00ed krk bez pot\u0159eby.&#8220;<\/p>\n\n\n\n<p>Slovo se ujalo a od t\u00e9 doby se t\u00e9 cest\u011b \u0159\u00edk\u00e1 Hus\u00ed krk.<\/p>\n\n\n\n<hr class=\"wp-block-separator has-text-color has-black-color has-alpha-channel-opacity has-black-background-color has-background is-style-wide\"\/>\n\n\n\n<h2 class=\"wp-block-heading\"><span style=\"color: #136690;\">O umrl\u010d\u00ed hlav\u011b<\/span><\/h2>\n\n\n\n<p>V jednom \u017eichl\u00ednsk\u00e9m statku se neda\u0159ily husy. V\u017edycky na n\u011b p\u0159i\u0161el n\u011bjak\u00fd mor a v\u0161echny popadaly.<\/p>\n\n\n\n<p>Jedna star\u00e1 \u017eena jim poradila, kam \u010dert nem\u016f\u017ee, nastr\u010d\u00ed b\u00e1bu, aby jim d\u00e1vali p\u00edt z umrl\u010d\u00ed lebky. Jak jim poradila, tak ud\u011blali. P\u0159inesli ze h\u0159bitova lebku a d\u00e1vali jim do n\u00ed p\u00edt. A opravdu, hus\u00e1m se dob\u0159e da\u0159ilo. S lebkou p\u0159i\u0161lo do statku tak\u00e9 n\u011bco jin\u00e9ho. Stra\u0161ilo a d\u011bly se prapodivn\u00e9 v\u011bci. Lid\u00e9 radili lebku zakopat do zem\u011b, zazd\u00edt do zdi, ale ani potom nebyl zdaleka pokoj. Pomohla a\u017e cik\u00e1nka, kter\u00e1 p\u0159i\u0161la, zda si necht\u011bj\u00ed nechat h\u00e1dat. Ta jim \u0159ekla, \u017ee statek sedmkr\u00e1t vyho\u0159\u00ed, ne\u017e v n\u011bm nadobro nastane pokoj. Od t\u00e9 doby statek vyho\u0159el u\u017e p\u011btkr\u00e1t.<\/p>\n\n\n\n<hr class=\"wp-block-separator has-text-color has-black-color has-alpha-channel-opacity has-black-background-color has-background is-style-wide\"\/>\n\n\n\n<h2 class=\"wp-block-heading\"><span style=\"color: #136690;\">O Koupovi<\/span><\/h2>\n\n\n\n<p>Skoro ka\u017ed\u00e1 ves si zachovala vzpom\u00ednky na sedl\u00e1ky, kov\u00e1\u0159e, kte\u0159\u00ed slynuli silou b\u00e1jn\u00fdch p\u0159edk\u016f a jako oni p\u0159in\u00e1\u0161eli vlky, divok\u00e9 kance z les\u016f, krotili rozzu\u0159en\u00e9 b\u00fdky, vytahovali nalo\u017een\u00e9 f\u016fry z bl\u00e1ta a jinak dokazovali svoji s\u00edlu. P\u0159i tom tito ob\u0159i byli povahy holubi\u010d\u00ed.<\/p>\n\n\n\n<p>Tak\u00e9 v pon\u011bm\u010den\u00e9m \u017dichl\u00ednku se vypravovalo o takov\u00e9m olb\u0159\u00edmovi, kter\u00fd tam po t\u0159icetilet\u00e9 v\u00e1lce \u017eil. Jmenoval se Jan Koupa. Tehdy byl ov\u0161em \u017dichl\u00ednek \u010desk\u00fd. Tenkr\u00e1t se v na\u0161ich les\u00edch toulali vlci, jak dosv\u011bd\u010duj\u00ed vl\u010d\u00ed j\u00e1my, nach\u00e1zej\u00edc\u00ed se skoro v ka\u017ed\u00e9 vsi. Hlubok\u00fd les byl moravsk\u00fdm Lubn\u00edkem a \u017dichl\u00ednkem domovem vlk\u016f, kte\u0159\u00ed se v zim\u011b, puzeni hladem, odva\u017eovali a\u017e do vsi. Lid\u00e9, kte\u0159\u00ed se ub\u00edrali p\u0159es pole, d\u00e1vali si na krk \u017eelezn\u00e9 obojky, aby se chr\u00e1nili p\u0159ed jejich zuby.<\/p>\n\n\n\n<p>Jednou za jasn\u00e9 mraziv\u00e9 noci p\u0159ed V\u00e1nocemi \u0161el mlad\u00fd Koupa na p\u0159\u00e1stky k nedalek\u00e9mu sousedovi, kde doufal, \u017ee se sejde se svou nejmilej\u0161\u00ed. Vysok\u00fd l\u00edmec selsk\u00e9ho ko\u017eichu, jak\u00e9 byly tehdy v oby\u010deji, si vyhrnul. Ji\u017e skoro doch\u00e1zel k mil\u00e9 chaloupce, kdy\u017e se pojednou mocn\u00fdm n\u00e1razem zezadu zapot\u00e1cel, div, \u017ee neupadl. Na ramenou uc\u00edtil siln\u00e9 pazoury, kter\u00e9 se mu za \u0161t\u011bkov\u00e9ho vyt\u00ed zakously do siln\u00e9ho l\u00edmce. Hork\u00fd dech z tlamy mu ovanul tv\u00e1\u0159. Bleskurychle uchopil \u0161elmu, hladov\u00e9ho vlka, za p\u0159edn\u00ed nohy, mocn\u00fdm rozmachem ho p\u0159ehodil kup\u0159edu. Vlk ho nemohl nijak kousnout. Koupa hlasit\u011b j\u00e1sal a vlk vyl do tich\u00e9 noci, zadn\u00edma nohama hrabal do pr\u00e1zdna. U souseda Koupa kopl do venkovn\u00edch dve\u0159\u00ed a po s\u00edni volal sv\u00e9 d\u011bv\u010de, kter\u00e9 cel\u00e9 polekan\u00e9 otev\u0159elo dve\u0159e. Koupa vstoupil do sv\u011btnice. Prozp\u011bvuj\u00edc\u00ed p\u0159adleny ztichly a vyd\u011b\u0161en\u011b z\u00edraly na Jendu, kter\u00fd m\u011bl na sob\u011b vlka. &#8222;Pod\u00edvejte se, jak se to s takovou \u0161elmou d\u011bl\u00e1,&#8220; pravil. Dva kroky p\u0159ed dubov\u00fdm stolem mr\u0161til vlkem tak, \u017ee bestie let\u011bla p\u0159es jinochovu hlavu a dopadla mocn\u011b na hranu stolu. V\u00fdskaj\u00edc\u00ed d\u011bv\u010data za\u010dala ut\u00edkat. &#8222;U\u017e m\u00e1 dost!&#8220; prohl\u00e1sil jinoch. Vlk s p\u0159era\u017een\u00fdm k\u0159\u00ed\u017eem le\u017eel nata\u017een\u00fd p\u0159es hranu stolu.<\/p>\n\n\n\n<p>O Koupov\u011b smrti se toho vypr\u00e1v\u00ed v\u00edce: Koup\u016fv p\u0159\u00edtel Viktorin, rychetnik\u016fv syn, chodil za dcerou jednoho roln\u00edka v T\u0159eb\u00e1\u0159ov\u011b na Morav\u011b. T\u0159eb\u00e1\u0159ov\u0161t\u00ed chasn\u00edci mu sl\u00edbili, \u017ee mu za\u017eenou chu\u0165 chodit do T\u0159eb\u00e1\u0159ova na z\u00e1lety. Dopadnou-li ho, spr\u00e1skaj\u00ed ho jako psa.<\/p>\n\n\n\n<p>Viktorin samoz\u0159ejm\u011b do T\u0159eb\u00e1\u0159ova \u0161el, \u0161el k muzice a pozval i p\u0159\u00edtele Koupu za pr\u016fvodce. Kdy\u017e si Viktorin dal zahr\u00e1t s\u00f3lo, chasa mu to necht\u011bla dovolit a hrnula se na n\u011bho. Tu Koupa vsko\u010dil doprost\u0159ed s\u00e1lu p\u0159ed Viktorina. N\u011bkter\u00e9 vyh\u00e1zel oknem do zahrady, mno\u017estv\u00ed jich vyhnal dve\u0159mi z hospody a jin\u00ed vysk\u00e1kali okny. Zat\u00edmco Viktorin tan\u010dil v pr\u00e1zdn\u00e9m s\u00e1le se sv\u00fdm d\u011bv\u010detem. Koupa na prahu rychty hl\u00eddal, aby se dovnit\u0159 nikdo neodv\u00e1\u017eil. Po tanci Koupu Viktorin zavolal k poct\u011b. Ale jakmile se Koupa obr\u00e1til, p\u0159ilet\u011bl ze silnice ze z\u00e1stupu t\u0159eb\u00e1\u0159ovsk\u00fdch k\u00e1men, kter\u00fd Koupu trefil p\u0159\u00edmo do sp\u00e1nku. Krev se z r\u00e1ny lila proudem a Koupa klesl. Za p\u00e1r okam\u017eik\u016f byl mrtev.<\/p>\n\n\n\n<p>Dle jin\u00e9ho vypr\u00e1v\u011bn\u00ed byl u\u017e letit\u00fd Koupa se sv\u00fdm \u010dtrn\u00e1ctilet\u00fdm synkem v \u0160umvaldsk\u00fdch les\u00edch pro d\u0159\u00edv\u00ed. Tehdej\u0161\u00ed cesty byly sam\u00e9 v\u00fdmoly a hlubok\u00e9 hrboly. Vezli s\u00e1h bukov\u00e9ho d\u0159\u00edv\u00ed. V\u016fz s t\u011b\u017ek\u00fdm n\u00e1kladem uv\u00e1zl v dol\u00edku a kon\u011b ho nemohli vyt\u00e1hnout. I pravil sv\u00e9mu synovi: &#8222;A\u017e k\u0159iknu, hned a\u0165 s ko\u0148mi zabere\u0161!&#8220; S\u00e1m sko\u010dil do p\u0159\u00edkopu pod v\u016fz, nadzdvihl ho sv\u00fdmi z\u00e1dy a k\u0159ikl: &#8222;Je\u010f!&#8220; Ale \u010dtrn\u00e1ctilet\u00fd hoch nem\u011bl tolik pohotov\u00e9 obratnosti, kon\u011b v\u010das nezabrali a t\u011b\u017ek\u00fd n\u00e1klad p\u0159im\u00e1\u010dkl tat\u00ednka k zemi. Pohmo\u017edil si pr\u00fd j\u00e1tra a do roka zem\u0159el.<\/p>\n\n\n\n<hr class=\"wp-block-separator has-text-color has-black-color has-alpha-channel-opacity has-black-background-color has-background is-style-wide\"\/>\n\n\n\n<h2 class=\"wp-block-heading\"><span style=\"color: #136690;\">O posledn\u00edm krveprolit\u00ed<\/span><\/h2>\n\n\n\n<p>Kdysi v dob\u011b roboty a ja\u0159ma, kdy lid milostiv\u00e9 vrchnosti robotoval a sv\u00e9ho zanedb\u00e1val, nastal hlad. Nebylo do\u010dista co j\u00edst. Lid\u00e9 se v t\u00e9m nesn\u00e1zi sami v\u0161elijak povzbuzovali k trp\u011blivosti a ut\u011b\u0161ovali se rozpr\u00e1vkami, \u017ee zase brzy nastanou lep\u0161\u00ed \u010dasy, \u017ee \u010ce\u0161i, N\u011bmci a Uh\u0159i pro hlad budou ze sv\u00fdch domov\u016f ut\u00edkat a proch\u00e1zet zdej\u0161\u00ed krajinou. V okol\u00ed Lan\u0161krouna se pak strhne krvav\u00e1 bitva, ve kter\u00e9 pote\u010de krev proudem. Pak, a\u017e bude cel\u00e1 zem\u011b nas\u00e1kl\u00e1 krv\u00ed, sejdou se t\u0159i monarchov\u00e9 &#8211; \u010desk\u00fd, n\u011bmeck\u00fd a uhersk\u00fd &#8211; v zakrv\u00e1cen\u00fdch rouch\u00e1ch na Blatn\u00edku a zde si podaj\u00ed ruce na potvrzen\u00ed v\u011b\u010dn\u00e9ho m\u00edru. Po t\u00e9to posledn\u00ed vojn\u011b nastane kone\u010dn\u011b sm\u00edr mezi t\u011bmito n\u00e1rody.<\/p>\n\n\n\n<hr class=\"wp-block-separator has-text-color has-black-color has-alpha-channel-opacity has-black-background-color has-background is-style-wide\"\/>\n","protected":false},"excerpt":{"rendered":"<p>O mal\u00e9m pt\u00e1\u010dkovi Na doln\u00edm konci \u017dichl\u00ednka v zelen\u011b nat\u0159en\u00e9m domku \u017eila star\u00e1 \u017eena. Kdy\u017e onemocn\u011bla, m\u011bla ka\u017edou noc zvl\u00e1\u0161tn\u00ed n\u00e1v\u0161t\u011bvu. O jeden\u00e1ct\u00e9 hodin\u011b k n\u00ed p\u0159ilet\u011bl takov\u00fd divn\u00fd pt\u00e1\u010dek,&hellip;<\/p>\n","protected":false},"author":1,"featured_media":0,"parent":0,"menu_order":0,"comment_status":"closed","ping_status":"closed","template":"","meta":{"_acf_changed":false,"ngg_post_thumbnail":0,"footnotes":""},"class_list":["post-441","page","type-page","status-publish","hentry"],"acf":[],"_links":{"self":[{"href":"https:\/\/zichlinek.eu\/index.php?rest_route=\/wp\/v2\/pages\/441"}],"collection":[{"href":"https:\/\/zichlinek.eu\/index.php?rest_route=\/wp\/v2\/pages"}],"about":[{"href":"https:\/\/zichlinek.eu\/index.php?rest_route=\/wp\/v2\/types\/page"}],"author":[{"embeddable":true,"href":"https:\/\/zichlinek.eu\/index.php?rest_route=\/wp\/v2\/users\/1"}],"replies":[{"embeddable":true,"href":"https:\/\/zichlinek.eu\/index.php?rest_route=%2Fwp%2Fv2%2Fcomments&post=441"}],"version-history":[{"count":6,"href":"https:\/\/zichlinek.eu\/index.php?rest_route=\/wp\/v2\/pages\/441\/revisions"}],"predecessor-version":[{"id":5163,"href":"https:\/\/zichlinek.eu\/index.php?rest_route=\/wp\/v2\/pages\/441\/revisions\/5163"}],"wp:attachment":[{"href":"https:\/\/zichlinek.eu\/index.php?rest_route=%2Fwp%2Fv2%2Fmedia&parent=441"}],"curies":[{"name":"wp","href":"https:\/\/api.w.org\/{rel}","templated":true}]}}