{"id":437,"date":"2023-08-02T09:00:26","date_gmt":"2023-08-02T07:00:26","guid":{"rendered":"https:\/\/zichlinek.eu\/?page_id=437"},"modified":"2023-08-02T09:55:58","modified_gmt":"2023-08-02T07:55:58","slug":"obec","status":"publish","type":"page","link":"https:\/\/zichlinek.eu\/?page_id=437","title":{"rendered":"Obec"},"content":{"rendered":"\n<p>Na\u0161e obec je \u00fazemn\u00ed sou\u010d\u00e1st\u00ed Pardubick\u00e9ho kraje a rozkl\u00e1d\u00e1 se pod\u00e9l toku Moravsk\u00e9 S\u00e1zavy jihov\u00fdchodn\u00edm sm\u011brem od m\u011bsta Lan\u0161krouna.<\/p>\n\n\n\n<p>Na z\u00e1klad\u011b historick\u00fdch pramen\u016f lze po\u010d\u00e1tky vzniku na\u0161\u00ed obce sm\u011b\u0159ovat k zapo\u010dat\u00e9mu os\u00eddlov\u00e1n\u00ed zdej\u0161\u00ed krajiny v prvn\u00ed polovin\u011b 13. stolet\u00ed za vl\u00e1dy \u010desk\u00e9ho kr\u00e1le P\u0159emysla Otakara II. K pohrani\u010dn\u00edm hvozd\u016fm mezi \u010cechami a Moravou a obchodn\u00ed cest\u011b, vedouc\u00ed p\u0159\u00edhodn\u00fdm \u00fazem\u00edm pod\u00e9l toku Moravsk\u00e9 S\u00e1zavy je z t\u00e9to doby p\u0159ipom\u00edn\u00e1n vznik vodn\u00edho hradu s p\u0159ilehlou vs\u00ed a dvorcem, nesouc\u00ed n\u00e1zev Kronfeld. Samo pojmenov\u00e1n\u00ed hradu \u010di tvrze b\u00fdv\u00e1 m\u011bn\u011bno podle jednotliv\u00fdch etap historick\u00e9ho v\u00fdvoje (Cronvelt, Kronweld, \u017dabinec, Krotenful, Krotfule, \u2026) Dal\u0161\u00ed p\u00edsemn\u00e9 zm\u00ednky nejen o po\u010d\u00e1tc\u00edch na\u0161\u00ed obce ale i o nejbli\u017e\u0161\u00edm okol\u00ed jsou datov\u00e1ny k roku 1304, kdy bylo zdej\u0161\u00ed panstv\u00ed Lan\u0161persko &#8211; lan\u0161krounsk\u00e9 darov\u00e1no \u010desk\u00fdm kr\u00e1lem V\u00e1clavem II. kl\u00e1\u0161teru Zbraslavsk\u00e9mu.<\/p>\n\n\n\n<p><\/p>\n\n\n\n<p>K samotn\u00e9mu n\u00e1zvu na\u0161\u00ed obce lze nal\u00e9zt n\u011bkolik v\u00fdklad\u016f a to jak v p\u016fvodu osobn\u00edho jm\u00e9na lok\u00e1tora &#8211; zakladatele vsi &#8211; Sichlingsdorf, tj. ves Sichlingova, tak i k r\u016fzn\u00fdm v\u00fdklad\u016fm, kter\u00e9 odvozuj\u00ed jm\u00e9no na\u0161\u00ed obce nap\u0159. z n\u011bmeck\u00e9ho Sichling, st\u0159edohornon\u011bmeck\u00e9ho sichlinc, sichelinc = snop.<\/p>\n\n\n\n<p><\/p>\n\n\n\n<p><h2 style=\"color: #235789;\">Obecn\u00ed znak a vlajka<\/h2><\/p>\n\n\n<div class=\"wp-block-image\">\n<figure class=\"aligncenter size-full\"><img loading=\"lazy\" decoding=\"async\" width=\"500\" height=\"351\" src=\"https:\/\/zichlinek.eu\/wp-content\/uploads\/2023\/08\/vlajka_a_znak.jpg\" alt=\"\" class=\"wp-image-495\" srcset=\"https:\/\/zichlinek.eu\/wp-content\/uploads\/2023\/08\/vlajka_a_znak.jpg 500w, https:\/\/zichlinek.eu\/wp-content\/uploads\/2023\/08\/vlajka_a_znak-300x211.jpg 300w, https:\/\/zichlinek.eu\/wp-content\/uploads\/2023\/08\/vlajka_a_znak-140x98.jpg 140w\" sizes=\"auto, (max-width: 500px) 100vw, 500px\" \/><\/figure>\n<\/div>\n\n\n<h2 class=\"wp-block-heading\" style=\"color: #235789;\">Majetkov\u00e1 \u00fa\u010dast<\/h2>\n\n\n\n<p>Obec \u017dichl\u00ednek je stoprocentn\u00edm vlastn\u00edkem spole\u010dnosti <a href=\"https:\/\/or.justice.cz\/ias\/ui\/vypis-vypis?subjektId=isor%3a600025013&amp;typ=full&amp;klic=KuMHixTVLLUUrIvqZUa6yA%3d%3d\" target=\"_blank\" rel=\"noreferrer noopener\">Slu\u017eby Obce \u017dichl\u00ednek s.r.o.<\/a> Statut\u00e1rn\u00edm org\u00e1nem v t\u00e9to spole\u010dnosti je starosta obce.<\/p>\n\n\n\n<p><\/p>\n","protected":false},"excerpt":{"rendered":"<p>Na\u0161e obec je \u00fazemn\u00ed sou\u010d\u00e1st\u00ed Pardubick\u00e9ho kraje a rozkl\u00e1d\u00e1 se pod\u00e9l toku Moravsk\u00e9 S\u00e1zavy jihov\u00fdchodn\u00edm sm\u011brem od m\u011bsta Lan\u0161krouna. Na z\u00e1klad\u011b historick\u00fdch pramen\u016f lze po\u010d\u00e1tky vzniku na\u0161\u00ed obce sm\u011b\u0159ovat k&hellip;<\/p>\n","protected":false},"author":1,"featured_media":0,"parent":0,"menu_order":0,"comment_status":"closed","ping_status":"closed","template":"","meta":{"_acf_changed":false,"ngg_post_thumbnail":0,"footnotes":""},"class_list":["post-437","page","type-page","status-publish","hentry"],"acf":[],"_links":{"self":[{"href":"https:\/\/zichlinek.eu\/index.php?rest_route=\/wp\/v2\/pages\/437","targetHints":{"allow":["GET"]}}],"collection":[{"href":"https:\/\/zichlinek.eu\/index.php?rest_route=\/wp\/v2\/pages"}],"about":[{"href":"https:\/\/zichlinek.eu\/index.php?rest_route=\/wp\/v2\/types\/page"}],"author":[{"embeddable":true,"href":"https:\/\/zichlinek.eu\/index.php?rest_route=\/wp\/v2\/users\/1"}],"replies":[{"embeddable":true,"href":"https:\/\/zichlinek.eu\/index.php?rest_route=%2Fwp%2Fv2%2Fcomments&post=437"}],"version-history":[{"count":3,"href":"https:\/\/zichlinek.eu\/index.php?rest_route=\/wp\/v2\/pages\/437\/revisions"}],"predecessor-version":[{"id":496,"href":"https:\/\/zichlinek.eu\/index.php?rest_route=\/wp\/v2\/pages\/437\/revisions\/496"}],"wp:attachment":[{"href":"https:\/\/zichlinek.eu\/index.php?rest_route=%2Fwp%2Fv2%2Fmedia&parent=437"}],"curies":[{"name":"wp","href":"https:\/\/api.w.org\/{rel}","templated":true}]}}