{"id":404,"date":"2023-08-01T10:06:34","date_gmt":"2023-08-01T08:06:34","guid":{"rendered":"https:\/\/zichlinek.eu\/?page_id=404"},"modified":"2023-08-16T09:07:49","modified_gmt":"2023-08-16T07:07:49","slug":"povodnovy-plan","status":"publish","type":"page","link":"https:\/\/zichlinek.eu\/?page_id=404","title":{"rendered":"Povod\u0148ov\u00fd pl\u00e1n"},"content":{"rendered":"<p><span style=\"color: #136690;\"><a style=\"color: #136690; text-decoration: none;\" href=\"https:\/\/www.povodnovyportal.cz\/povodnovy-plan\/zichlinek-344\">Povod\u0148ov\u00fd pl\u00e1n<\/a><\/span><\/p>\n","protected":false},"excerpt":{"rendered":"<p>Povod\u0148ov\u00fd pl\u00e1n<\/p>\n","protected":false},"author":1,"featured_media":0,"parent":0,"menu_order":0,"comment_status":"closed","ping_status":"closed","template":"","meta":{"_acf_changed":false,"ngg_post_thumbnail":0,"footnotes":""},"class_list":["post-404","page","type-page","status-publish","hentry"],"acf":[],"_links":{"self":[{"href":"https:\/\/zichlinek.eu\/index.php?rest_route=\/wp\/v2\/pages\/404","targetHints":{"allow":["GET"]}}],"collection":[{"href":"https:\/\/zichlinek.eu\/index.php?rest_route=\/wp\/v2\/pages"}],"about":[{"href":"https:\/\/zichlinek.eu\/index.php?rest_route=\/wp\/v2\/types\/page"}],"author":[{"embeddable":true,"href":"https:\/\/zichlinek.eu\/index.php?rest_route=\/wp\/v2\/users\/1"}],"replies":[{"embeddable":true,"href":"https:\/\/zichlinek.eu\/index.php?rest_route=%2Fwp%2Fv2%2Fcomments&post=404"}],"version-history":[{"count":3,"href":"https:\/\/zichlinek.eu\/index.php?rest_route=\/wp\/v2\/pages\/404\/revisions"}],"predecessor-version":[{"id":776,"href":"https:\/\/zichlinek.eu\/index.php?rest_route=\/wp\/v2\/pages\/404\/revisions\/776"}],"wp:attachment":[{"href":"https:\/\/zichlinek.eu\/index.php?rest_route=%2Fwp%2Fv2%2Fmedia&parent=404"}],"curies":[{"name":"wp","href":"https:\/\/api.w.org\/{rel}","templated":true}]}}