{"id":402,"date":"2023-08-01T09:45:49","date_gmt":"2023-08-01T07:45:49","guid":{"rendered":"https:\/\/zichlinek.eu\/?page_id=402"},"modified":"2023-08-17T12:43:56","modified_gmt":"2023-08-17T10:43:56","slug":"krizove-situace","status":"publish","type":"page","link":"https:\/\/zichlinek.eu\/?page_id=402","title":{"rendered":"Krizov\u00e9 situace"},"content":{"rendered":"\n<p>N\u00e1sleduj\u00edc\u00ed doporu\u010den\u00e1 opat\u0159en\u00ed v\u00e1m mohou pomoci p\u0159edem vytvo\u0159it solidn\u00ed z\u00e1zem\u00ed pro \u0159e\u0161en\u00ed nenad\u00e1l\u00e9 krizov\u00e9 situace (po\u017e\u00e1r bytu, domu apod.)<\/p>\n\n\n\n<h2 class=\"wp-block-heading\" style=\"color: #136690;\">P\u0159\u00edprava rodiny na krizov\u00e9 situace<\/h2>\n\n\n\n<p>Zjist\u011bte si mo\u017en\u00e1 nebezpe\u010d\u00ed v m\u00edst\u011b sv\u00e9ho bydli\u0161t\u011b (mo\u017enost po\u017e\u00e1ru, povodn\u011b, chemick\u00e9 hav\u00e1rie v bl\u00edzk\u00e9m podniku apod.) a p\u0159ipravte se na ka\u017ed\u00e9 z nich. Ve va\u0161\u00ed rodin\u011b pak pohovo\u0159te o tom, co byste d\u011blali v p\u0159\u00edpad\u011b nebezpe\u010d\u00ed. Pro p\u0159\u00edpad krizov\u00e9 situace si p\u0159ipravte telefonn\u00ed \u010d\u00edsla a stanovte m\u00edsta setk\u00e1n\u00ed pro p\u0159\u00edpady nutn\u00e9ho rozchodu rodiny. Doporu\u010dujeme si procvi\u010dit \u010dinnosti v krizov\u00fdch situac\u00edch (nap\u0159. formou hry s d\u011btmi).<\/p>\n\n\n\n<p>Sv\u00e9 d\u011bti seznamte se zvukov\u00fdmi sign\u00e1ly varovn\u00fdch syst\u00e9m\u016f a nau\u010dte je p\u0159ivol\u00e1vat pomoc v krizov\u00fdch situac\u00edch. Nau\u010dte sv\u00e9 d\u011bti zn\u00e1t sv\u00e9 p\u0159\u00edjmen\u00ed, adresu bydli\u0161t\u011b, a \u010d\u00edslo telefonu. Velmi mal\u00e9 d\u011bti by m\u011bly m\u00edt u sebe karti\u010dku s t\u011bmito \u00fadaji a p\u0159\u00edpadn\u011b dal\u0161\u00edmi d\u016fle\u017eit\u00fdmi informacemi o zdravotn\u00edm stavu.<\/p>\n\n\n\n<p>Pro zvl\u00e1dnut\u00ed po\u017e\u00e1ru v byt\u011b nebo v dom\u011b doporu\u010dujeme n\u00e1kup vhodn\u00e9ho hasic\u00edho p\u0159\u00edstroje.<\/p>\n\n\n\n<h2 class=\"wp-block-heading\" style=\"color: #136690;\">D\u011bti v krizov\u00e9 situaci<\/h2>\n\n\n\n<p>D\u011bti jsou p\u0159i krizov\u00fdch situac\u00edch zmaten\u00e9, nerv\u00f3zn\u00ed a vystra\u0161en\u00e9. Hledaj\u00ed pomoc u sv\u00fdch rodi\u010d\u016f. Zmatek a vystra\u0161enost dosp\u011bl\u00fdch se rychle p\u0159en\u00e1\u0161\u00ed na d\u011bti. Proto va\u0161e \u010diny a jistota jsou jistotou i pro d\u011bti. P\u0159i z\u00e1chrann\u00fdch a likvida\u010dn\u00edch prac\u00edch ulo\u017ete d\u00edt\u011bti pro n\u011bj splniteln\u00fd jednoduch\u00fd \u00fakol a \u010di\u0148te je za n\u011bj zodpov\u011bdn\u00e9. Sna\u017ete se zabr\u00e1nit pocitu d\u00edt\u011bte, \u017ee krizov\u00e1 situace nastane znovu, \u017ee n\u011bkdo bude zran\u011bn nebo zabit, \u017ee rodina bude nen\u00e1vratn\u011b roztr\u017eena a \u017ee z\u016fstane \u00fapln\u011b samo.<\/p>\n\n\n\n<h2 class=\"wp-block-heading\" style=\"color: #136690;\">Potraviny a pitn\u00e1 voda<\/h2>\n\n\n\n<p>V\u011bt\u0161ina dom\u00e1cnost\u00ed m\u00e1 p\u0159im\u011b\u0159en\u00e9 mno\u017estv\u00ed potravin p\u0159ipraven\u00fdch a ulo\u017een\u00fdch pro b\u011b\u017enou spot\u0159ebu. Je v\u0161ak \u00fa\u010deln\u00e9 vy\u010dlenit \u010d\u00e1st potravin s del\u0161\u00ed lh\u016ftou trvanlivosti (a\u017e 18 m\u011bs\u00edc\u016f) pro p\u0159\u00edpad mimo\u0159\u00e1dn\u00e9 ud\u00e1losti. Tyto potraviny by m\u011bly b\u00fdt konzumovateln\u00e9 za studena, nebo po jednoduch\u00e9 tepeln\u00e9 \u00faprav\u011b. Tak\u00e9 z\u00e1soba miner\u00e1ln\u00edch vod je d\u016fle\u017eitou sou\u010d\u00e1st\u00ed p\u0159ipravenosti dom\u00e1cnosti na krizov\u00e9 situace. Tyto v\u0161ak lze nahradit vodou z vodovodu v um\u011blohmotn\u00fdch nebo sklen\u011bn\u00fdch n\u00e1dob\u00e1ch. Lze doporu\u010dit i malou z\u00e1sobu octa nebo kyseliny citronov\u00e9 a jedl\u00e9 sody pro roztoky na improvizovan\u00e9 rou\u0161ky p\u0159i v\u00fdronech plyn\u016f.<\/p>\n\n\n\n<h2 class=\"wp-block-heading\" style=\"color: #136690;\">Dom\u00e1c\u00ed l\u00e9k\u00e1rni\u010dka<\/h2>\n\n\n\n<p>Je v\u00fdznamn\u00fdm pomocn\u00edkem p\u0159i o\u0161et\u0159ov\u00e1n\u00ed drobn\u00fdch poran\u011bn\u00ed. L\u00e9k\u00e1rni\u010dka by m\u011bla m\u00edt v dom\u00e1cnosti sv\u00e9 st\u00e1l\u00e9 m\u00edsto a m\u011bla by b\u00fdt ulo\u017eena mimo dosah mal\u00fdch d\u011bt\u00ed.<\/p>\n\n\n\n<h3 class=\"wp-block-heading\" style=\"color: #136690;\">Doporu\u010den\u00fd obsah l\u00e9k\u00e1rni\u010dky:<\/h3>\n\n\n\n<ul class=\"wp-block-list\">\n<li>n\u016f\u017eky a zav\u00edrac\u00ed \u0161pendl\u00edk<\/li>\n\n\n\n<li>3 kusy obvaz\u016f<\/li>\n\n\n\n<li>n\u00e1plast<\/li>\n\n\n\n<li>rychloobvaz<\/li>\n\n\n\n<li>n\u00e1plast s pol\u0161t\u00e1\u0159kem<\/li>\n\n\n\n<li>trojc\u00edp\u00fd \u0161\u00e1tek<\/li>\n\n\n\n<li>g\u00e1za hydrofiln\u00ed skl\u00e1dan\u00e1<\/li>\n\n\n\n<li>pry\u017eov\u00e9 \u0161krtidlo<\/li>\n\n\n\n<li>borov\u00e1 voda 2% 100 ml pro v\u00fdplach o\u010d\u00ed a o\u010dn\u00ed kapky<\/li>\n\n\n\n<li>injek\u010dn\u00ed st\u0159\u00edka\u010dka steriln\u00ed 10 \u2013 20 ml k v\u00fdplach\u016fm<\/li>\n\n\n\n<li>dezinfek\u010dn\u00ed roztok<\/li>\n\n\n\n<li>obinadlo elastick\u00e9<\/li>\n\n\n\n<li>resuscita\u010dn\u00ed rou\u0161ka<\/li>\n<\/ul>\n\n\n\n<h4 class=\"wp-block-heading\" style=\"color: #136690;\">l\u00e9ky:<\/h4>\n\n\n\n<ul class=\"wp-block-list\">\n<li>analgetika nap\u0159. Acylpyrin, Paralen<\/li>\n\n\n\n<li>\u017eivo\u010di\u0161n\u00e9 uhl\u00ed nap\u0159. Carbocit<\/li>\n\n\n\n<li>p\u0159i alergick\u00fdch reakc\u00edch nap\u0159. Dithiaden<\/li>\n<\/ul>\n\n\n\n<p>Nezapome\u0148te l\u00e9k\u00e1rni\u010dku 1x za rok doplnit, vy\u0159adit l\u00e9ky a prost\u0159edky s pro\u0161lou lh\u016ftou pou\u017eitelnosti.<\/p>\n\n\n\n<h2 class=\"wp-block-heading\" style=\"color: #136690;\">Zavazadlo pro p\u0159\u00edpad mimo\u0159\u00e1dn\u00e9 situace, evakuace nebo ukryt\u00ed<\/h2>\n\n\n\n<p>Nejvhodn\u011bj\u0161\u00ed jsou r\u016fzn\u00e9 batohy (krosny, kletry), cestovn\u00ed ta\u0161ky, kufry, ozna\u010den\u00e9 visa\u010dkou se jm\u00e9nem a adresou.<\/p>\n\n\n\n<h3 class=\"wp-block-heading\" style=\"color: #136690;\">Doporu\u010den\u00fd obsah zavazadla:<\/h3>\n\n\n\n<ul class=\"wp-block-list\">\n<li>osobn\u00ed doklady, pen\u00edze, cennosti<\/li>\n\n\n\n<li>osobn\u00ed l\u00e9ky a dal\u0161\u00ed prost\u0159edky \u2013 doporu\u010duje se tlakov\u00fd obvaz, l\u00e9ky ti\u0161\u00edc\u00ed bolest, sni\u017euj\u00edc\u00ed hore\u010dku, dezinfek\u010dn\u00ed nebo antiseptick\u00e9 prost\u0159edky<\/li>\n\n\n\n<li>Z\u00e1kladn\u00ed trvanliv\u00e9 potraviny na 3 dny \u2013 dob\u0159e zabalen\u00fd chl\u00e9b, konzervy, such\u00fd sal\u00e1m, tvrd\u00e9 s\u00fdry, trvanliv\u00e9 ovoce a zelenina, su\u0161enky, bonbony n\u00e1doby s tekutinami \u2013 voda, \u010daj, \u0161\u0165\u00e1vy atd.<\/li>\n\n\n\n<li>toaletn\u00ed a hygienick\u00e9 pot\u0159eby \u2013 toaletn\u00ed pap\u00edr, m\u00fddlo, kart\u00e1\u010dek na zuby a zubn\u00ed pasta, ru\u010dn\u00edk atd.<\/li>\n\n\n\n<li>p\u0159edm\u011bty denn\u00ed pot\u0159eby \u2013 j\u00eddeln\u00ed misky p\u0159\u00edbor, um\u011blohmotn\u00e1 nebo poln\u00ed l\u00e1hev, n\u016f\u017e, prov\u00e1zek, \u0161it\u00ed\u010dko, zav\u00edrac\u00ed \u0161pendl\u00edky, otv\u00edra\u010d na konzervy<\/li>\n\n\n\n<li>bateriov\u00e1 sv\u00edtilna, z\u00e1palky, sv\u00ed\u010dky, zapalova\u010d<\/li>\n\n\n\n<li>bateriov\u00fd rozhlasov\u00fd p\u0159ij\u00edma\u010d<\/li>\n\n\n\n<li>spac\u00ed pytel, deka, p\u0159ikr\u00fdvka, karimatka, nafukovac\u00ed leh\u00e1tko<\/li>\n\n\n\n<li>n\u00e1hradn\u00ed pr\u00e1dlo, n\u00e1hradn\u00ed obuv a oble\u010den\u00ed, pl\u00e1\u0161t\u011bnka, \u0161\u00e1tek, pokr\u00fdvka hlavy<\/li>\n\n\n\n<li>pro d\u011bti hra\u010dka, knihy a dal\u0161\u00ed prost\u0159edky pro zkr\u00e1cen\u00ed dlouh\u00e9 chv\u00edle<\/li>\n<\/ul>\n\n\n\n<p>Nelze br\u00e1t sebou objemn\u00e9 p\u0159edm\u011bty, rychle se kaz\u00edc\u00ed potraviny, alkohol, zbran\u011b, jedovat\u00e9 l\u00e1tky a zbyte\u010dn\u00e9 v\u011bci.<\/p>\n\n\n\n<h2 class=\"wp-block-heading\" style=\"color: #136690;\">Rozhlasov\u00fd p\u0159ij\u00edma\u010d<\/h2>\n\n\n\n<p>Rozhlasov\u00fd p\u0159ij\u00edma\u010d v dom\u00e1cnosti je nezbytn\u00fd pro varov\u00e1n\u00ed obyvatelstva, k z\u00edsk\u00e1n\u00ed informac\u00ed o hroz\u00edc\u00edm nebezpe\u010d\u00ed a z\u00edsk\u00e1n\u00ed pokyn\u016f k ukryt\u00ed nebo evakuaci, kter\u00e9 budou vys\u00edl\u00e1ny na VKV II a SV. Je vhodn\u00e9 m\u00edt lehce p\u0159enosn\u00fd rozhlasov\u00fd p\u0159ij\u00edma\u010d, kter\u00fd je nez\u00e1visl\u00fd na p\u0159ipojen\u00ed elektrick\u00e9ho proudu (bateriov\u00fd), pou\u017e\u00edvan\u00e9 baterie by m\u011bly m\u00edt dlouhou dobu skladovatelnosti.<\/p>\n\n\n\n<h2 class=\"wp-block-heading\" style=\"color: #235789;\">Hygienick\u00e9 prost\u0159edky<\/h2>\n\n\n\n<p>Jsou ned\u00edlnou sou\u010d\u00e1st\u00ed ka\u017ed\u00e9 dom\u00e1cnosti (m\u00fddlo, zubn\u00ed pasta, kart\u00e1\u010dky, ru\u010dn\u00edky apod.) proto nezapom\u00ednejme m\u00edt tyto prost\u0159edky v z\u00e1sob\u011b pro p\u0159\u00edpad nal\u00e9hav\u00e9 pot\u0159eby<\/p>\n\n\n\n<h2 class=\"wp-block-heading\" style=\"color: #235789;\">Ochrann\u00e9 vybaven\u00ed<\/h2>\n\n\n\n<p>Pro ka\u017edou dom\u00e1cnost doporu\u010dujeme pomocn\u00e9 ochrann\u00e9 vybaven\u00ed jako je nepromokav\u00fd od\u011bv nebo pl\u00e1\u0161\u0165 s kapuc\u00ed a gumov\u00e9 vysok\u00e9 boty, gumov\u00e9 rukavice (pro p\u0159\u00edpady povodn\u00ed, chemick\u00e9ho poplachu atd.)<\/p>\n\n\n\n<h2 class=\"wp-block-heading\" style=\"color: #136690;\">Energetick\u00e9 zdroje<\/h2>\n\n\n\n<p>Pro v\u00fdpadek energetick\u00fdch zdroj\u016f je doporu\u010dov\u00e1no n\u00e1hradn\u00ed topn\u00e9 za\u0159\u00edzen\u00ed na uhl\u00ed, brikety, d\u0159\u00edv\u00ed. Na va\u0159en\u00ed se doporu\u010duje lihov\u00fd nebo petrolejov\u00fd va\u0159i\u010d, je mo\u017en\u00fd i va\u0159i\u010d na pevn\u00fd l\u00edh. Tak\u00e9 lze doporu\u010dit va\u0159i\u010d na malou plynovou bombu a r\u016fzn\u00e9 turistick\u00e9 plynov\u00e9 va\u0159i\u010de. Na sv\u00edcen\u00ed se doporu\u010duje z\u00e1soba bateri\u00ed pro bateriov\u00e9 sv\u00edtilny, petrolej pro petrolejov\u00e9 lampy nebo alespo\u0148 z\u00e1soba sv\u00ed\u010dek. Petrolejov\u00e9 nebo acetyl\u00e9nov\u00e9 lampy nelze pou\u017e\u00edt v krytech.<\/p>\n\n\n\n<h2 class=\"wp-block-heading\" style=\"color: #136690;\">P\u0159\u00edprava doklad\u016f<\/h2>\n\n\n\n<p>\u010casto se st\u00e1v\u00e1, \u017ee v d\u016fsledku po\u017e\u00e1ru jsou zni\u010deny d\u016fle\u017eit\u00e9 rodinn\u00e9 doklady. Tomu lze p\u0159edej\u00edt t\u00edm, \u017ee rodinn\u00e9 doklady um\u00edst\u00edme do kovov\u00e9 schr\u00e1nky, kter\u00e1 je schopna odol\u00e1vat po\u017e\u00e1r\u016fm a p\u0159\u00edpadn\u011b tak\u00e9 \u017eiveln\u00edm pohrom\u00e1m. Do schr\u00e1nky je mo\u017en\u00e9 um\u00edstit tak\u00e9 rodinn\u00e9 cennosti. Doporu\u010dujeme mal\u00e9, p\u0159enosn\u00e9 pokladny.<\/p>\n\n\n\n<p>Ve schr\u00e1nce by m\u011bly b\u00fdt:<\/p>\n\n\n\n<ul class=\"wp-block-list\">\n<li>rodinn\u00e9 doklady (rodn\u00fd list, oddac\u00ed list atd.)<\/li>\n\n\n\n<li>potvrzen\u00ed o d\u016fchodu a p\u0159\u00edjmu<\/li>\n\n\n\n<li>vkladn\u00ed kn\u00ed\u017eky, kreditn\u00ed karty, pr\u016fkazky k \u017eirov\u00fdm \u00fa\u010dt\u016fm , hotov\u00e9 pen\u00edze<\/li>\n\n\n\n<li>pojistky<\/li>\n\n\n\n<li>d\u016fle\u017eit\u00e9 platebn\u00ed doklady<\/li>\n\n\n\n<li>vysv\u011bd\u010den\u00ed, v\u00fdpisy z pozemkov\u00e9 knihy, z\u00e1v\u011b\u0165 atd.<\/li>\n<\/ul>\n\n\n\n<p>V p\u0159\u00edpad\u011b krizov\u00e9 situace je nutn\u00e9 m\u00edt sebou osobn\u00ed doklady \u2013 ob\u010dansk\u00fd pr\u016fkaz, pas, \u0159idi\u010dsk\u00fd pr\u016fkaz, technick\u00e9 osv\u011bd\u010den\u00ed apod. Sou\u010d\u00e1st\u00ed va\u0161ich doklad\u016f by m\u011bla b\u00fdt i karti\u010dka, na kter\u00e9 budou uvedeny informace o va\u0161em zdravotn\u00edm stavu a jm\u00e9no osoby, kterou je vhodn\u00e9 informovat, pokud by se v\u00e1m n\u011bco stalo.<\/p>\n\n\n\n<h2 class=\"wp-block-heading\" style=\"color: #136690;\">P\u0159\u00edprava vozidla<\/h2>\n\n\n\n<p>Pokud jste vlastn\u00edky vozidla, bu\u010fte p\u0159ipraveni na p\u0159\u00edpadnou evakuaci:<\/p>\n\n\n\n<ul class=\"wp-block-list\">\n<li>v p\u0159\u00edpad\u011b ohro\u017een\u00ed je vhodn\u00e9 m\u00edt vozidlo v bl\u00edzkosti m\u00edsta sv\u00e9ho bydli\u0161t\u011b<\/li>\n\n\n\n<li>vozidlo m\u00edt v dobr\u00e9m technick\u00e9m stavu<\/li>\n\n\n\n<li>m\u00edt v n\u00e1dr\u017ei nebo v z\u00e1sob\u011b pohonn\u00e9 hmoty alespo\u0148 na 100 km<\/li>\n\n\n\n<li>ve vozidle m\u00edt v po\u0159\u00e1dku n\u00e1\u0159ad\u00ed a n\u00e1hradn\u00ed d\u00edly<\/li>\n\n\n\n<li>zkontrolovan\u00fd obsah l\u00e9k\u00e1rni\u010dky<\/li>\n\n\n\n<li>bateriovou sv\u00edtilnu, n\u016f\u017e a malou lopatku<\/li>\n\n\n\n<li>pracovn\u00ed od\u011bv (mont\u00e9rky, star\u0161\u00ed od\u011bv apod. a deka jsou d\u016fle\u017eitou sou\u010d\u00e1st\u00ed vybaven\u00ed vozidla<\/li>\n\n\n\n<li>mal\u00fd hasic\u00ed p\u0159\u00edstroj<\/li>\n<\/ul>\n","protected":false},"excerpt":{"rendered":"<p>N\u00e1sleduj\u00edc\u00ed doporu\u010den\u00e1 opat\u0159en\u00ed v\u00e1m mohou pomoci p\u0159edem vytvo\u0159it solidn\u00ed z\u00e1zem\u00ed pro \u0159e\u0161en\u00ed nenad\u00e1l\u00e9 krizov\u00e9 situace (po\u017e\u00e1r bytu, domu apod.) P\u0159\u00edprava rodiny na krizov\u00e9 situace Zjist\u011bte si mo\u017en\u00e1 nebezpe\u010d\u00ed v m\u00edst\u011b&hellip;<\/p>\n","protected":false},"author":1,"featured_media":0,"parent":0,"menu_order":0,"comment_status":"closed","ping_status":"closed","template":"","meta":{"_acf_changed":false,"ngg_post_thumbnail":0,"footnotes":""},"class_list":["post-402","page","type-page","status-publish","hentry"],"acf":[],"_links":{"self":[{"href":"https:\/\/zichlinek.eu\/index.php?rest_route=\/wp\/v2\/pages\/402","targetHints":{"allow":["GET"]}}],"collection":[{"href":"https:\/\/zichlinek.eu\/index.php?rest_route=\/wp\/v2\/pages"}],"about":[{"href":"https:\/\/zichlinek.eu\/index.php?rest_route=\/wp\/v2\/types\/page"}],"author":[{"embeddable":true,"href":"https:\/\/zichlinek.eu\/index.php?rest_route=\/wp\/v2\/users\/1"}],"replies":[{"embeddable":true,"href":"https:\/\/zichlinek.eu\/index.php?rest_route=%2Fwp%2Fv2%2Fcomments&post=402"}],"version-history":[{"count":5,"href":"https:\/\/zichlinek.eu\/index.php?rest_route=\/wp\/v2\/pages\/402\/revisions"}],"predecessor-version":[{"id":792,"href":"https:\/\/zichlinek.eu\/index.php?rest_route=\/wp\/v2\/pages\/402\/revisions\/792"}],"wp:attachment":[{"href":"https:\/\/zichlinek.eu\/index.php?rest_route=%2Fwp%2Fv2%2Fmedia&parent=402"}],"curies":[{"name":"wp","href":"https:\/\/api.w.org\/{rel}","templated":true}]}}