{"id":400,"date":"2023-08-01T09:45:49","date_gmt":"2023-08-01T07:45:49","guid":{"rendered":"https:\/\/zichlinek.eu\/?page_id=400"},"modified":"2023-08-16T07:46:56","modified_gmt":"2023-08-16T05:46:56","slug":"zivotni-situace","status":"publish","type":"page","link":"https:\/\/zichlinek.eu\/?page_id=400","title":{"rendered":"\u017divotn\u00ed situace"},"content":{"rendered":"<p>Na odkaze n\u00ed\u017ee naleznete prvky \u017eivotn\u00edch situac\u00ed, resp. strukturovan\u00e9 postupy pro \u0159e\u0161en\u00ed nejr\u016fzn\u011bj\u0161\u00edch \u017eivotn\u00edch situac\u00ed ve\u00a0vztahu k ve\u0159ejn\u00e9 spr\u00e1v\u011b.Postupy v\u00e1m poskytnou informace o tom, jak vy\u0159\u00eddit r\u016fzn\u00e1 pod\u00e1n\u00ed, kam se obr\u00e1tit a v jak\u00fdch lh\u016ft\u00e1ch, zda se plat\u00ed spr\u00e1vn\u00ed nebo jin\u00e9 poplatky, v\u010detn\u011b odkaz\u016f na p\u0159\u00edpadn\u00e9 formul\u00e1\u0159e a platn\u00e9 pr\u00e1vn\u00ed p\u0159edpisy; postupy jsou rovn\u011b\u017e propojeny s adres\u00e1\u0159em, kter\u00fd obsahuje kontakty na org\u00e1ny ve\u0159ejn\u00e9 spr\u00e1vy (v\u010detn\u011b mapov\u00fdch slu\u017eeb).<\/p>\n<h2><span style=\"color: #136690;\">\u017divotn\u00ed situace na port\u00e1le ve\u0159ejn\u00e9 spr\u00e1vy<\/span><\/h2>\n<p><a href=\"http:\/\/portal.gov.cz\/wps\/portal\/_s.155\/701\/_s.155\/708\/place\" target=\"_blank\" rel=\"noopener\">http:\/\/portal.gov.cz\/wps\/portal\/_s.155\/701\/_s.155\/708\/place<\/a><\/p>\n","protected":false},"excerpt":{"rendered":"<p>Na odkaze n\u00ed\u017ee naleznete prvky \u017eivotn\u00edch situac\u00ed, resp. strukturovan\u00e9 postupy pro \u0159e\u0161en\u00ed nejr\u016fzn\u011bj\u0161\u00edch \u017eivotn\u00edch situac\u00ed ve\u00a0vztahu k ve\u0159ejn\u00e9 spr\u00e1v\u011b.Postupy v\u00e1m poskytnou informace o tom, jak vy\u0159\u00eddit r\u016fzn\u00e1 pod\u00e1n\u00ed, kam se&hellip;<\/p>\n","protected":false},"author":1,"featured_media":0,"parent":0,"menu_order":0,"comment_status":"closed","ping_status":"closed","template":"","meta":{"_acf_changed":false,"ngg_post_thumbnail":0,"footnotes":""},"class_list":["post-400","page","type-page","status-publish","hentry"],"acf":[],"_links":{"self":[{"href":"https:\/\/zichlinek.eu\/index.php?rest_route=\/wp\/v2\/pages\/400"}],"collection":[{"href":"https:\/\/zichlinek.eu\/index.php?rest_route=\/wp\/v2\/pages"}],"about":[{"href":"https:\/\/zichlinek.eu\/index.php?rest_route=\/wp\/v2\/types\/page"}],"author":[{"embeddable":true,"href":"https:\/\/zichlinek.eu\/index.php?rest_route=\/wp\/v2\/users\/1"}],"replies":[{"embeddable":true,"href":"https:\/\/zichlinek.eu\/index.php?rest_route=%2Fwp%2Fv2%2Fcomments&post=400"}],"version-history":[{"count":3,"href":"https:\/\/zichlinek.eu\/index.php?rest_route=\/wp\/v2\/pages\/400\/revisions"}],"predecessor-version":[{"id":770,"href":"https:\/\/zichlinek.eu\/index.php?rest_route=\/wp\/v2\/pages\/400\/revisions\/770"}],"wp:attachment":[{"href":"https:\/\/zichlinek.eu\/index.php?rest_route=%2Fwp%2Fv2%2Fmedia&parent=400"}],"curies":[{"name":"wp","href":"https:\/\/api.w.org\/{rel}","templated":true}]}}