{"id":384,"date":"2023-07-31T11:53:36","date_gmt":"2023-07-31T09:53:36","guid":{"rendered":"https:\/\/zichlinek.eu\/?page_id=384"},"modified":"2023-11-11T20:43:46","modified_gmt":"2023-11-11T19:43:46","slug":"mistni-poplatky","status":"publish","type":"page","link":"https:\/\/zichlinek.eu\/?page_id=384","title":{"rendered":"M\u00edstn\u00ed poplatky"},"content":{"rendered":"<p>Poplatky se hrad\u00ed bu\u010f v hotovosti p\u0159\u00edmo na obecn\u00edm \u00fa\u0159ad\u011b nebo bezhotovostn\u011b na \u010d\u00edslo \u00fa\u010dtu 10522611\/0100. Variabiln\u00ed symbol = (p\u011btim\u00edstn\u00e9 \u010d\u00edslo, nap\u0159. 10+\u010dp.1=10001, 10+\u010dp.108=10108)<\/p>\n<p>P\u0159\u00edpadn\u011b volejte o up\u0159esn\u011bn\u00ed tel.: +420 774 624 552<\/p>\n\n\n<figure class=\"wp-block-table is-style-stripes has-medium-font-size\"><table class=\"has-black-color has-text-color has-background has-fixed-layout\" style=\"background-color:#157790\"><thead><tr><th>Typ<\/th><th>Cena<\/th><\/tr><\/thead><tbody><tr><td>M\u00edstn\u00ed poplatek za provoz syst\u00e9mu shroma\u017e\u010fov\u00e1n\u00ed, sb\u011bru, p\u0159epravy, t\u0159\u00edd\u011bn\u00ed,<br>vyu\u017e\u00edv\u00e1n\u00ed a odstra\u0148ov\u00e1n\u00ed komun\u00e1ln\u00edho odpadu<\/td><td><strong>650 K\u010d<\/strong><br>za ka\u017edou osobu a rok<\/td><\/tr><tr><td>Prvn\u00ed pes poplatn\u00edka<\/td><td><strong>150 K\u010d<\/strong><br>za ka\u017ed\u00fd rok<\/td><\/tr><tr><td>Druh\u00fd a dal\u0161\u00ed pes poplatn\u00edka<\/td><td><strong>300 K\u010d<\/strong><br>za ka\u017ed\u00e9ho psa a rok<\/td><\/tr><tr><td>N\u00e1jem hrobov\u00e9ho m\u00edsta<\/td><td><strong>35 K\u010d<\/strong><br>za ka\u017ed\u00fd metr \u010dtvere\u010dn\u00ed a rok<br><\/td><\/tr><tr><td>N\u00e1jem urnov\u00e9 schr\u00e1nky (ve zdi)<\/td><td><strong>60 K\u010d<\/strong><br>za ka\u017ed\u00fd rok<\/td><\/tr><tr><td>Zap\u016fj\u010den\u00ed vysou\u0161e\u010de (odvlh\u010dova\u010de) &#8211; osoba s trval\u00fdm pobytem v obci<\/td><td><strong>20 K\u010d<\/strong><br>za ka\u017ed\u00fd den<\/td><\/tr><tr><td>Zap\u016fj\u010den\u00ed vysou\u0161e\u010de (odvlh\u010dova\u010de) &#8211; osoba bez trval\u00e9ho pobytu v obci<\/td><td><strong>40 K\u010d<\/strong><br>za ka\u017ed\u00fd den<\/td><\/tr><\/tbody><\/table><\/figure>\n\n\n<style>\n<p>.is-style-stripes {<br \/>\nbackground-color: #187790;<br \/>\n}<\/p>\n<\/style>","protected":false},"excerpt":{"rendered":"<p>Poplatky se hrad\u00ed bu\u010f v hotovosti p\u0159\u00edmo na obecn\u00edm \u00fa\u0159ad\u011b nebo bezhotovostn\u011b na \u010d\u00edslo \u00fa\u010dtu 10522611\/0100. Variabiln\u00ed symbol = (p\u011btim\u00edstn\u00e9 \u010d\u00edslo, nap\u0159. 10+\u010dp.1=10001, 10+\u010dp.108=10108) P\u0159\u00edpadn\u011b volejte o up\u0159esn\u011bn\u00ed tel.: +420&hellip;<\/p>\n","protected":false},"author":1,"featured_media":0,"parent":0,"menu_order":0,"comment_status":"closed","ping_status":"closed","template":"","meta":{"_acf_changed":false,"ngg_post_thumbnail":0,"footnotes":""},"class_list":["post-384","page","type-page","status-publish","hentry"],"acf":[],"_links":{"self":[{"href":"https:\/\/zichlinek.eu\/index.php?rest_route=\/wp\/v2\/pages\/384","targetHints":{"allow":["GET"]}}],"collection":[{"href":"https:\/\/zichlinek.eu\/index.php?rest_route=\/wp\/v2\/pages"}],"about":[{"href":"https:\/\/zichlinek.eu\/index.php?rest_route=\/wp\/v2\/types\/page"}],"author":[{"embeddable":true,"href":"https:\/\/zichlinek.eu\/index.php?rest_route=\/wp\/v2\/users\/1"}],"replies":[{"embeddable":true,"href":"https:\/\/zichlinek.eu\/index.php?rest_route=%2Fwp%2Fv2%2Fcomments&post=384"}],"version-history":[{"count":19,"href":"https:\/\/zichlinek.eu\/index.php?rest_route=\/wp\/v2\/pages\/384\/revisions"}],"predecessor-version":[{"id":2474,"href":"https:\/\/zichlinek.eu\/index.php?rest_route=\/wp\/v2\/pages\/384\/revisions\/2474"}],"wp:attachment":[{"href":"https:\/\/zichlinek.eu\/index.php?rest_route=%2Fwp%2Fv2%2Fmedia&parent=384"}],"curies":[{"name":"wp","href":"https:\/\/api.w.org\/{rel}","templated":true}]}}