{"id":380,"date":"2023-07-31T14:57:52","date_gmt":"2023-07-31T12:57:52","guid":{"rendered":"https:\/\/zichlinek.eu\/?page_id=380"},"modified":"2025-12-10T08:22:16","modified_gmt":"2025-12-10T07:22:16","slug":"sberny-dvur-2","status":"publish","type":"page","link":"https:\/\/zichlinek.eu\/?page_id=380","title":{"rendered":"Sb\u011brn\u00fd dv\u016fr\/ svozov\u00fd pl\u00e1n 2026"},"content":{"rendered":"\n<ul class=\"wp-block-list\">\n<li class=\"has-medium-font-size\">sb\u011brn\u00fd dv\u016fr bude otev\u0159en v\u017edy posledn\u00ed sobotu v m\u011bs\u00edci <strong>od 8:00 do 11:00<\/strong>\n<ul class=\"wp-block-list\">\n<li><strong>PROSINEC 2025 &#8211; SOBOTA 27. 12. 2025<\/strong><\/li>\n\n\n\n<li><\/li>\n\n\n\n<li>leden &#8211; 31. 1. 2026<\/li>\n\n\n\n<li>\u00fanor &#8211; 28. 2. 2026<\/li>\n\n\n\n<li>b\u0159ezen &#8211; 28. 3. 2026<\/li>\n\n\n\n<li>duben &#8211; 25. 4. 2026<\/li>\n\n\n\n<li>kv\u011bten &#8211; 30. 5. 2026<\/li>\n\n\n\n<li>\u010derven &#8211; 27. 6. 2026<\/li>\n\n\n\n<li>\u010dervenec &#8211; 25. 7. 2026<\/li>\n\n\n\n<li>srpen &#8211; 29. 8. 2026<\/li>\n\n\n\n<li>z\u00e1\u0159\u00ed &#8211; 26. 9. 2026<\/li>\n\n\n\n<li>\u0159\u00edjen &#8211; 31. 10. 2026<\/li>\n\n\n\n<li>listopad &#8211; 28. 11. 2026<\/li>\n\n\n\n<li>prosinec &#8211; 26. 12. 2026<\/li>\n<\/ul>\n<\/li>\n<\/ul>\n\n\n\n<ul class=\"wp-block-list\">\n<li class=\"has-medium-font-size\">v p\u0159\u00edpad\u011b z\u00e1jmu a po p\u0159edchoz\u00ed domluv\u011b je mo\u017en\u00e9 individu\u00e1ln\u00ed otev\u0159en\u00ed dvoru<\/li>\n<\/ul>\n\n\n<div class=\"wp-block-image\">\n<figure class=\"aligncenter size-large\"><img loading=\"lazy\" decoding=\"async\" width=\"724\" height=\"1024\" src=\"https:\/\/zichlinek.eu\/wp-content\/uploads\/2025\/12\/Poplatky-v-roce-2026-a-svozovy-plan-2026-page-001-1-724x1024.jpg\" alt=\"\" class=\"wp-image-5877\" srcset=\"https:\/\/zichlinek.eu\/wp-content\/uploads\/2025\/12\/Poplatky-v-roce-2026-a-svozovy-plan-2026-page-001-1-724x1024.jpg 724w, https:\/\/zichlinek.eu\/wp-content\/uploads\/2025\/12\/Poplatky-v-roce-2026-a-svozovy-plan-2026-page-001-1-212x300.jpg 212w, https:\/\/zichlinek.eu\/wp-content\/uploads\/2025\/12\/Poplatky-v-roce-2026-a-svozovy-plan-2026-page-001-1-768x1086.jpg 768w, https:\/\/zichlinek.eu\/wp-content\/uploads\/2025\/12\/Poplatky-v-roce-2026-a-svozovy-plan-2026-page-001-1-1086x1536.jpg 1086w, https:\/\/zichlinek.eu\/wp-content\/uploads\/2025\/12\/Poplatky-v-roce-2026-a-svozovy-plan-2026-page-001-1-1448x2048.jpg 1448w, https:\/\/zichlinek.eu\/wp-content\/uploads\/2025\/12\/Poplatky-v-roce-2026-a-svozovy-plan-2026-page-001-1-140x198.jpg 140w, https:\/\/zichlinek.eu\/wp-content\/uploads\/2025\/12\/Poplatky-v-roce-2026-a-svozovy-plan-2026-page-001-1-scaled.jpg 1811w\" sizes=\"auto, (max-width: 724px) 100vw, 724px\" \/><\/figure>\n<\/div>\n\n<div class=\"wp-block-image\">\n<figure class=\"aligncenter size-large\"><img loading=\"lazy\" decoding=\"async\" width=\"724\" height=\"1024\" src=\"https:\/\/zichlinek.eu\/wp-content\/uploads\/2024\/07\/Jak-tridit-2024-page-001-724x1024.jpg\" alt=\"\" class=\"wp-image-4401\" srcset=\"https:\/\/zichlinek.eu\/wp-content\/uploads\/2024\/07\/Jak-tridit-2024-page-001-724x1024.jpg 724w, https:\/\/zichlinek.eu\/wp-content\/uploads\/2024\/07\/Jak-tridit-2024-page-001-212x300.jpg 212w, https:\/\/zichlinek.eu\/wp-content\/uploads\/2024\/07\/Jak-tridit-2024-page-001-768x1086.jpg 768w, https:\/\/zichlinek.eu\/wp-content\/uploads\/2024\/07\/Jak-tridit-2024-page-001-1086x1536.jpg 1086w, https:\/\/zichlinek.eu\/wp-content\/uploads\/2024\/07\/Jak-tridit-2024-page-001-1448x2048.jpg 1448w, https:\/\/zichlinek.eu\/wp-content\/uploads\/2024\/07\/Jak-tridit-2024-page-001-140x198.jpg 140w, https:\/\/zichlinek.eu\/wp-content\/uploads\/2024\/07\/Jak-tridit-2024-page-001-scaled.jpg 1810w\" sizes=\"auto, (max-width: 724px) 100vw, 724px\" \/><\/figure>\n<\/div>","protected":false},"excerpt":{"rendered":"","protected":false},"author":1,"featured_media":0,"parent":0,"menu_order":0,"comment_status":"closed","ping_status":"closed","template":"","meta":{"_acf_changed":false,"ngg_post_thumbnail":0,"footnotes":""},"class_list":["post-380","page","type-page","status-publish","hentry"],"acf":[],"_links":{"self":[{"href":"https:\/\/zichlinek.eu\/index.php?rest_route=\/wp\/v2\/pages\/380","targetHints":{"allow":["GET"]}}],"collection":[{"href":"https:\/\/zichlinek.eu\/index.php?rest_route=\/wp\/v2\/pages"}],"about":[{"href":"https:\/\/zichlinek.eu\/index.php?rest_route=\/wp\/v2\/types\/page"}],"author":[{"embeddable":true,"href":"https:\/\/zichlinek.eu\/index.php?rest_route=\/wp\/v2\/users\/1"}],"replies":[{"embeddable":true,"href":"https:\/\/zichlinek.eu\/index.php?rest_route=%2Fwp%2Fv2%2Fcomments&post=380"}],"version-history":[{"count":13,"href":"https:\/\/zichlinek.eu\/index.php?rest_route=\/wp\/v2\/pages\/380\/revisions"}],"predecessor-version":[{"id":5879,"href":"https:\/\/zichlinek.eu\/index.php?rest_route=\/wp\/v2\/pages\/380\/revisions\/5879"}],"wp:attachment":[{"href":"https:\/\/zichlinek.eu\/index.php?rest_route=%2Fwp%2Fv2%2Fmedia&parent=380"}],"curies":[{"name":"wp","href":"https:\/\/api.w.org\/{rel}","templated":true}]}}