{"id":322,"date":"2023-07-31T08:06:05","date_gmt":"2023-07-31T06:06:05","guid":{"rendered":"https:\/\/zichlinek.eu\/?page_id=322"},"modified":"2023-10-20T14:01:40","modified_gmt":"2023-10-20T12:01:40","slug":"obecni-urad","status":"publish","type":"page","link":"https:\/\/zichlinek.eu\/?page_id=322","title":{"rendered":"Obecn\u00ed \u00fa\u0159ad"},"content":{"rendered":"<div class=\"container\">\n<div class=\"row\">\n<div class=\"col-md-6\">\n<div class=\"my-div text-center pt-5\" style=\"background-color: #187296; color: white;\">\n        <i class=\"fas fa-phone fa-3x white-icon\"><\/i><\/p>\n<p class=\"white-text\">465 324 552 \u25cb 465 325 010<\/p>\n<\/div>\n<\/div>\n<div class=\"col-md-6\">\n<div class=\"my-div text-center pt-5\" style=\"background-color: #187296; color: white;\">\n        <i class=\"fas fa-envelope fa-3x white-icon\"><\/i><\/p>\n<p class=\"white-text\">obec@zichlinek.eu<\/p>\n<\/div>\n<\/div>\n<\/div>\n<div class=\"row mt-5\">\n<div class=\"col-md-12\">\n<div class=\"my-div text-center pt-5\" style=\"background-color: #187296; color: white;\">\n        <i class=\"fas fa-calendar-alt fa-3x white-icon\"><\/i><\/p>\n<p class=\"white-text\">Pond\u011bl\u00ed: 8:00 &#8211; 11:00 13:00 &#8211; 16:00 \u25cb St\u0159eda: 8:00 &#8211; 11:00 13:00 &#8211; 16:00<\/p>\n<\/div>\n<\/div>\n<\/div>\n<\/div>\n","protected":false},"excerpt":{"rendered":"<p>465 324 552 \u25cb 465 325 010 obec@zichlinek.eu Pond\u011bl\u00ed: 8:00 &#8211; 11:00 13:00 &#8211; 16:00 \u25cb St\u0159eda: 8:00 &#8211; 11:00 13:00 &#8211; 16:00<\/p>\n","protected":false},"author":1,"featured_media":0,"parent":0,"menu_order":0,"comment_status":"closed","ping_status":"closed","template":"","meta":{"_acf_changed":false,"ngg_post_thumbnail":0,"footnotes":""},"class_list":["post-322","page","type-page","status-publish","hentry"],"acf":[],"_links":{"self":[{"href":"https:\/\/zichlinek.eu\/index.php?rest_route=\/wp\/v2\/pages\/322","targetHints":{"allow":["GET"]}}],"collection":[{"href":"https:\/\/zichlinek.eu\/index.php?rest_route=\/wp\/v2\/pages"}],"about":[{"href":"https:\/\/zichlinek.eu\/index.php?rest_route=\/wp\/v2\/types\/page"}],"author":[{"embeddable":true,"href":"https:\/\/zichlinek.eu\/index.php?rest_route=\/wp\/v2\/users\/1"}],"replies":[{"embeddable":true,"href":"https:\/\/zichlinek.eu\/index.php?rest_route=%2Fwp%2Fv2%2Fcomments&post=322"}],"version-history":[{"count":24,"href":"https:\/\/zichlinek.eu\/index.php?rest_route=\/wp\/v2\/pages\/322\/revisions"}],"predecessor-version":[{"id":2384,"href":"https:\/\/zichlinek.eu\/index.php?rest_route=\/wp\/v2\/pages\/322\/revisions\/2384"}],"wp:attachment":[{"href":"https:\/\/zichlinek.eu\/index.php?rest_route=%2Fwp%2Fv2%2Fmedia&parent=322"}],"curies":[{"name":"wp","href":"https:\/\/api.w.org\/{rel}","templated":true}]}}