{"id":2497,"date":"2023-12-05T17:47:25","date_gmt":"2023-12-05T16:47:25","guid":{"rendered":"https:\/\/zichlinek.eu\/?page_id=2497"},"modified":"2024-09-18T08:26:42","modified_gmt":"2024-09-18T06:26:42","slug":"nova-hlavni-stranka","status":"publish","type":"page","link":"https:\/\/zichlinek.eu\/","title":{"rendered":""},"content":{"rendered":"<div class='pt-cv-wrapper'> <div class=\"pt-cv-view pt-cv-blockgrid iscvblock iscvreal grid1 layout2\" id=\"pt-cv-view-98oeuaz7\"><div data-id=\"pt-cv-page-1\" class=\"pt-cv-page\" data-cvc=\"3\"><div class=\" pt-cv-content-item pt-cv-1-col\" ><div class=\"pt-cv-thumb-wrapper  \"><a href=\"https:\/\/zichlinek.eu\/?p=6015\" class=\"_self pt-cv-href-thumbnail pt-cv-thumb-default\" target=\"_self\" ><img loading=\"lazy\" decoding=\"async\" width=\"560\" height=\"960\" src=\"https:\/\/zichlinek.eu\/wp-content\/uploads\/2026\/04\/UP-Zichlinek-Hlavni-vykres-page-001.jpg\" class=\"pt-cv-thumbnail\" alt=\"\" \/><\/a><\/div>\n<div class=\"pt-cv-remain-wrapper\"><div class=\"pt-cv-taxoterm above_title\"><a href='https:\/\/zichlinek.eu\/?cat=14' title='Aktuality' class='pt-cv-tax-aktuality'>Aktuality<\/a><a href='https:\/\/zichlinek.eu\/?cat=16' title='Jedn\u00e1n\u00ed zastupitelstva' class='pt-cv-tax-jednani-zastupitelstva'>Jedn\u00e1n\u00ed zastupitelstva<\/a><\/div><h4 class=\"pt-cv-title\"><a href=\"https:\/\/zichlinek.eu\/?p=6015\" class=\"_self\" target=\"_self\" >Zm\u011bna \u00fazemn\u00edho pl\u00e1nu \u010d. 2 &#8211; obec \u017dichl\u00ednek<\/a><\/h4><div class=\"pt-cv-content\">Zastupitelstvo obce \u017dichl\u00ednek v souladu s ustanoven\u00edm \u00a7 109 odst &#8230;<\/div><div class=\"pt-cv-rmwrap\"><a href=\"https:\/\/zichlinek.eu\/?p=6015\" class=\"_self pt-cv-readmore btn btn-success\" target=\"_self\" >\u010c\u00edst v\u00edce<\/a><\/div><\/div><\/div>\n<div class=\" pt-cv-content-item pt-cv-1-col\" ><div class=\"pt-cv-thumb-wrapper  \"><a href=\"https:\/\/zichlinek.eu\/?p=5995\" class=\"_self pt-cv-href-thumbnail pt-cv-thumb-default\" target=\"_self\" ><img loading=\"lazy\" decoding=\"async\" width=\"560\" height=\"795\" src=\"https:\/\/zichlinek.eu\/wp-content\/uploads\/2026\/04\/Sken-dokumentu-page-001-768x1090.jpg\" class=\"pt-cv-thumbnail\" alt=\"\" \/><\/a><\/div>\n<div class=\"pt-cv-remain-wrapper\"><div class=\"pt-cv-taxoterm above_title\"><a href='https:\/\/zichlinek.eu\/?cat=14' title='Aktuality' class='pt-cv-tax-aktuality'>Aktuality<\/a><a href='https:\/\/zichlinek.eu\/?cat=34' title='Pozv\u00e1nky' class='pt-cv-tax-pozvanky'>Pozv\u00e1nky<\/a><\/div><h4 class=\"pt-cv-title\"><a href=\"https:\/\/zichlinek.eu\/?p=5995\" class=\"_self\" target=\"_self\" >Divadlo Ve St\u0159edu a Rozmarn\u00fd Duch &#8211; 24. 4. 2026<\/a><\/h4><div class=\"pt-cv-content\">Obec \u017dichl\u00ednek a divadlo Ve St\u0159edu V\u00e1s srde\u010dn\u011b zvou na &#8230;<\/div><div class=\"pt-cv-rmwrap\"><a href=\"https:\/\/zichlinek.eu\/?p=5995\" class=\"_self pt-cv-readmore btn btn-success\" target=\"_self\" >\u010c\u00edst v\u00edce<\/a><\/div><\/div><\/div>\n<div class=\" pt-cv-content-item pt-cv-1-col\" ><div class=\"pt-cv-thumb-wrapper  \"><a href=\"https:\/\/zichlinek.eu\/?p=5998\" class=\"_self pt-cv-href-thumbnail pt-cv-thumb-default\" target=\"_self\" ><img loading=\"lazy\" decoding=\"async\" width=\"560\" height=\"792\" src=\"https:\/\/zichlinek.eu\/wp-content\/uploads\/2026\/04\/CHP-plakat-2026-programmapa-page-001-768x1086.jpg\" class=\"pt-cv-thumbnail\" alt=\"\" \/><\/a><\/div>\n<div class=\"pt-cv-remain-wrapper\"><div class=\"pt-cv-taxoterm above_title\"><a href='https:\/\/zichlinek.eu\/?cat=14' title='Aktuality' class='pt-cv-tax-aktuality'>Aktuality<\/a><a href='https:\/\/zichlinek.eu\/?cat=34' title='Pozv\u00e1nky' class='pt-cv-tax-pozvanky'>Pozv\u00e1nky<\/a><\/div><h4 class=\"pt-cv-title\"><a href=\"https:\/\/zichlinek.eu\/?p=5998\" class=\"_self\" target=\"_self\" >Chovatelsk\u00e1 p\u0159ehl\u00eddka trofej\u00ed: 18. &#8211; 19. dubna 2026<\/a><\/h4><div class=\"pt-cv-content\">Okresn\u00ed mysliveck\u00fd spolek \u00dast\u00ed nad Orlic\u00ed V\u00e1s srde\u010dn\u011b zve na &#8230;<\/div><div class=\"pt-cv-rmwrap\"><a href=\"https:\/\/zichlinek.eu\/?p=5998\" class=\"_self pt-cv-readmore btn btn-success\" target=\"_self\" >\u010c\u00edst v\u00edce<\/a><\/div><\/div><\/div>\n<div class=\" pt-cv-content-item pt-cv-1-col\" ><div class=\"pt-cv-thumb-wrapper  \"><a href=\"https:\/\/zichlinek.eu\/?p=5991\" class=\"_self pt-cv-href-thumbnail pt-cv-thumb-default\" target=\"_self\" ><img loading=\"lazy\" decoding=\"async\" width=\"560\" height=\"785\" src=\"https:\/\/zichlinek.eu\/wp-content\/uploads\/2026\/03\/Zichlinek-768x1076.png\" class=\"pt-cv-thumbnail\" alt=\"\" \/><\/a><\/div>\n<div class=\"pt-cv-remain-wrapper\"><div class=\"pt-cv-taxoterm above_title\"><a href='https:\/\/zichlinek.eu\/?cat=14' title='Aktuality' class='pt-cv-tax-aktuality'>Aktuality<\/a><a href='https:\/\/zichlinek.eu\/?cat=34' title='Pozv\u00e1nky' class='pt-cv-tax-pozvanky'>Pozv\u00e1nky<\/a><\/div><h4 class=\"pt-cv-title\"><a href=\"https:\/\/zichlinek.eu\/?p=5991\" class=\"_self\" target=\"_self\" >P\u0159\u00edm\u011bstsk\u00fd t\u00e1bor \u017dichl\u00ednek &#8211; 20. a\u017e 24. 7. 2026<\/a><\/h4><div class=\"pt-cv-content\">M.A.S. Lan\u0161krounsko a obec \u017dichl\u00ednek V\u00e1s srde\u010dn\u011b zvou na P\u0159\u00edm\u011bstsk\u00fd &#8230;<\/div><div class=\"pt-cv-rmwrap\"><a href=\"https:\/\/zichlinek.eu\/?p=5991\" class=\"_self pt-cv-readmore btn btn-success\" target=\"_self\" >\u010c\u00edst v\u00edce<\/a><\/div><\/div><\/div>\n<div class=\" pt-cv-content-item pt-cv-1-col\" ><div class=\"pt-cv-thumb-wrapper  \"><a href=\"https:\/\/zichlinek.eu\/?p=5988\" class=\"_self pt-cv-href-thumbnail pt-cv-thumb-default\" target=\"_self\" ><img loading=\"lazy\" decoding=\"async\" width=\"560\" height=\"792\" src=\"https:\/\/zichlinek.eu\/wp-content\/uploads\/2026\/03\/malovani-vajicek-pleteni-pomlazky-a-pleteni-osatky-z-pedigu-page-001-768x1086.jpg\" class=\"pt-cv-thumbnail\" alt=\"\" \/><\/a><\/div>\n<div class=\"pt-cv-remain-wrapper\"><div class=\"pt-cv-taxoterm above_title\"><a href='https:\/\/zichlinek.eu\/?cat=14' title='Aktuality' class='pt-cv-tax-aktuality'>Aktuality<\/a><a href='https:\/\/zichlinek.eu\/?cat=34' title='Pozv\u00e1nky' class='pt-cv-tax-pozvanky'>Pozv\u00e1nky<\/a><\/div><h4 class=\"pt-cv-title\"><a href=\"https:\/\/zichlinek.eu\/?p=5988\" class=\"_self\" target=\"_self\" >Velikono\u010dn\u00ed tvo\u0159en\u00ed &#8211; ve st\u0159edu 1. 4. 2026 od 16:00<\/a><\/h4><div class=\"pt-cv-content\">Obec \u017dichl\u00ednek V\u00e1s srde\u010dn\u011b zve na Velikono\u010dn\u00ed tvo\u0159en\u00ed. Ve st\u0159edu &#8230;<\/div><div class=\"pt-cv-rmwrap\"><a href=\"https:\/\/zichlinek.eu\/?p=5988\" class=\"_self pt-cv-readmore btn btn-success\" target=\"_self\" >\u010c\u00edst v\u00edce<\/a><\/div><\/div><\/div>\n<div class=\" pt-cv-content-item pt-cv-1-col\" ><div class=\"pt-cv-thumb-wrapper  \"><a href=\"https:\/\/zichlinek.eu\/?p=5935\" class=\"_self pt-cv-href-thumbnail pt-cv-thumb-default\" target=\"_self\" ><img loading=\"lazy\" decoding=\"async\" width=\"560\" height=\"396\" src=\"https:\/\/zichlinek.eu\/wp-content\/uploads\/2026\/02\/muzikal-divotvorny-hrnec-page-001-768x543.jpg\" class=\"pt-cv-thumbnail\" alt=\"\" \/><\/a><\/div>\n<div class=\"pt-cv-remain-wrapper\"><div class=\"pt-cv-taxoterm above_title\"><a href='https:\/\/zichlinek.eu\/?cat=14' title='Aktuality' class='pt-cv-tax-aktuality'>Aktuality<\/a><a href='https:\/\/zichlinek.eu\/?cat=34' title='Pozv\u00e1nky' class='pt-cv-tax-pozvanky'>Pozv\u00e1nky<\/a><\/div><h4 class=\"pt-cv-title\"><a href=\"https:\/\/zichlinek.eu\/?p=5935\" class=\"_self\" target=\"_self\" >Muzik\u00e1l Praha &#8211; letn\u00ed \u010das!<\/a><\/h4><div class=\"pt-cv-content\">POR\u00cdSME POZOR &#8211; v noci ze soboty na ned\u011bli doch\u00e1z\u00ed &#8230;<\/div><div class=\"pt-cv-rmwrap\"><a href=\"https:\/\/zichlinek.eu\/?p=5935\" class=\"_self pt-cv-readmore btn btn-success\" target=\"_self\" >\u010c\u00edst v\u00edce<\/a><\/div><\/div><\/div>\n<div class=\" pt-cv-content-item pt-cv-1-col\" ><div class=\"pt-cv-thumb-wrapper  \"><a href=\"https:\/\/zichlinek.eu\/?p=5982\" class=\"_self pt-cv-href-thumbnail pt-cv-thumb-default\" target=\"_self\" ><img loading=\"lazy\" decoding=\"async\" width=\"490\" height=\"355\" src=\"https:\/\/zichlinek.eu\/wp-content\/uploads\/2026\/02\/486831529_1064388745731962_507435105450361617_n.jpg\" class=\"pt-cv-thumbnail\" alt=\"\" \/><\/a><\/div>\n<div class=\"pt-cv-remain-wrapper\"><div class=\"pt-cv-taxoterm above_title\"><a href='https:\/\/zichlinek.eu\/?cat=14' title='Aktuality' class='pt-cv-tax-aktuality'>Aktuality<\/a><\/div><h4 class=\"pt-cv-title\"><a href=\"https:\/\/zichlinek.eu\/?p=5982\" class=\"_self\" target=\"_self\" >Sb\u011brn\u00fd dv\u016fr OTEV\u0158EN v sobotu 28. 3. 2026<\/a><\/h4><div class=\"pt-cv-content\">Otev\u00edrac\u00ed dny sb\u011brn\u00e9ho dvora naleznete na webov\u00fdch str\u00e1nk\u00e1ch obce v &#8230;<\/div><div class=\"pt-cv-rmwrap\"><a href=\"https:\/\/zichlinek.eu\/?p=5982\" class=\"_self pt-cv-readmore btn btn-success\" target=\"_self\" >\u010c\u00edst v\u00edce<\/a><\/div><\/div><\/div>\n<div class=\" pt-cv-content-item pt-cv-1-col\" ><div class=\"pt-cv-thumb-wrapper  \"><a href=\"https:\/\/zichlinek.eu\/?p=5978\" class=\"_self pt-cv-href-thumbnail pt-cv-thumb-default\" target=\"_self\" ><img loading=\"lazy\" decoding=\"async\" width=\"560\" height=\"449\" src=\"https:\/\/zichlinek.eu\/wp-content\/uploads\/2026\/03\/260125-im-Bilde-005ac-768x616.jpg\" class=\"pt-cv-thumbnail\" alt=\"\" \/><\/a><\/div>\n<div class=\"pt-cv-remain-wrapper\"><div class=\"pt-cv-taxoterm above_title\"><a href='https:\/\/zichlinek.eu\/?cat=14' title='Aktuality' class='pt-cv-tax-aktuality'>Aktuality<\/a><a href='https:\/\/zichlinek.eu\/?cat=34' title='Pozv\u00e1nky' class='pt-cv-tax-pozvanky'>Pozv\u00e1nky<\/a><\/div><h4 class=\"pt-cv-title\"><a href=\"https:\/\/zichlinek.eu\/?p=5978\" class=\"_self\" target=\"_self\" >Rychl\u00e1 pozv\u00e1nka na rychl\u00e9 prom\u00edt\u00e1n\u00ed &#8211; \u010dtvrtek 26. b\u0159ezna 2026 od 17:00.<\/a><\/h4><div class=\"pt-cv-content\">Obec \u017dichl\u00ednek V\u00e1s srde\u010dn\u011b zve na prom\u00edt\u00e1n\u00ed fotografi\u00ed TENTO \u010dtvrtek &#8230;<\/div><div class=\"pt-cv-rmwrap\"><a href=\"https:\/\/zichlinek.eu\/?p=5978\" class=\"_self pt-cv-readmore btn btn-success\" target=\"_self\" >\u010c\u00edst v\u00edce<\/a><\/div><\/div><\/div>\n<div class=\" pt-cv-content-item pt-cv-1-col\" ><div class=\"pt-cv-thumb-wrapper  \"><a href=\"https:\/\/zichlinek.eu\/?p=5975\" class=\"_self pt-cv-href-thumbnail pt-cv-thumb-default\" target=\"_self\" ><img loading=\"lazy\" decoding=\"async\" width=\"560\" height=\"725\" src=\"https:\/\/zichlinek.eu\/wp-content\/uploads\/2026\/03\/Uklidme-Cesko-2026-Zichlinek-page-001-1-768x994.jpg\" class=\"pt-cv-thumbnail\" alt=\"\" \/><\/a><\/div>\n<div class=\"pt-cv-remain-wrapper\"><div class=\"pt-cv-taxoterm above_title\"><a href='https:\/\/zichlinek.eu\/?cat=14' title='Aktuality' class='pt-cv-tax-aktuality'>Aktuality<\/a><\/div><h4 class=\"pt-cv-title\"><a href=\"https:\/\/zichlinek.eu\/?p=5975\" class=\"_self\" target=\"_self\" >Ukli\u010fme \u010cesko &#8211; 28. b\u0159ezna 2026<\/a><\/h4><div class=\"pt-cv-content\">Obec \u017dichl\u00ednek se i v leto\u0161n\u00edm roce \u00fa\u010dastn\u00ed obl\u00edben\u00e9 akce &#8230;<\/div><div class=\"pt-cv-rmwrap\"><a href=\"https:\/\/zichlinek.eu\/?p=5975\" class=\"_self pt-cv-readmore btn btn-success\" target=\"_self\" >\u010c\u00edst v\u00edce<\/a><\/div><\/div><\/div><\/div><\/div> <\/div> <style>\n\n#pt-cv-view-98oeuaz7 .pt-cv-content-item { padding: 0px 0px 0px 0px; }#pt-cv-view-98oeuaz7 .pt-cv-meta-fields {  }#pt-cv-view-98oeuaz7 .pt-cv-meta-fields * { font-size: 13px; }#pt-cv-view-98oeuaz7 .pt-cv-thumb-wrapper:not(.miniwrap) {  }#pt-cv-view-98oeuaz7 .pt-cv-thumbnail:not(.pt-cv-thumbnailsm) { height: 250px; }#pt-cv-view-98oeuaz7 .pt-cv-title a { display: block; }#pt-cv-view-98oeuaz7 .pt-cv-title:not(.pt-cv-titlesm) a { font-weight: 600;text-decoration: none;font-size: 20px; }#pt-cv-view-98oeuaz7 .pt-cv-titlesm a { font-weight: 600;font-size: 18px; }#pt-cv-view-98oeuaz7 .pt-cv-content { font-size: 15px; }#pt-cv-view-98oeuaz7 .pt-cv-rmwrap {  }#pt-cv-view-98oeuaz7 .pt-cv-readmore { color: #fff;background-color: #187296;font-size: 14px; }#pt-cv-view-98oeuaz7 .pt-cv-taxoterm {  }#pt-cv-view-98oeuaz7 .pt-cv-taxoterm * { color: #222;background-color: #fff6f6;font-size: 14px; }#pt-cv-view-98oeuaz7 + .pt-cv-pagination-wrapper {  }#pt-cv-view-98oeuaz7 + .pt-cv-pagination-wrapper a { font-size: 14px; }#pt-cv-view-98oeuaz7 > .pt-cv-page {grid-template-columns: repeat(3, 1fr);grid-gap: 20px;}\n@media all and (max-width: 1024px) { \n#pt-cv-view-98oeuaz7 > .pt-cv-page {}\n} \n@media all and (max-width: 767px) { \n#pt-cv-view-98oeuaz7 > .pt-cv-page {grid-template-columns: repeat(1, 1fr);}\n} <\/style>\n\n\n<hr class=\"wp-block-separator has-text-color has-black-color has-alpha-channel-opacity has-black-background-color has-background is-style-wide\"\/>\n\n\n\n<div style=\"height:25px\" aria-hidden=\"true\" class=\"wp-block-spacer\"><\/div>\n\n\n\n\n\n\n\n\n\n\n\n<div class=\"wp-block-columns are-vertically-aligned-center is-layout-flex wp-container-core-columns-is-layout-9d6595d7 wp-block-columns-is-layout-flex\">\n<div class=\"wp-block-column is-vertically-aligned-center has-background is-layout-flow wp-block-column-is-layout-flow\" style=\"background-color:#187296;flex-basis:200px\">\n<p class=\"has-text-align-center has-white-color has-text-color has-link-color wp-elements-b2d732c9e094b2e2843cd4ba67582a3a\" style=\"font-size:30px\"><strong><a href=\"https:\/\/zichlinek.eu\/?page_id=2795\" data-type=\"page\" data-id=\"2795\">Zpravodaj<\/a><\/strong><\/p>\n<\/div>\n\n\n\n<div class=\"wp-block-column is-vertically-aligned-center is-layout-flow wp-block-column-is-layout-flow\" style=\"flex-basis:200px\">\n<p class=\"has-text-align-center has-black-color has-text-color has-link-color wp-elements-61b6b258238f01b5ccfdec40cf67d657\" style=\"font-size:30px;font-style:normal;font-weight:700;text-decoration:underline\"><strong><a href=\"https:\/\/rs.zichlinek.eu\/\" target=\"_blank\" rel=\"noreferrer noopener\">Rezervace<\/a><\/strong><\/p>\n<\/div>\n\n\n\n<div class=\"wp-block-column is-vertically-aligned-center has-background is-layout-flow wp-block-column-is-layout-flow\" style=\"background-color:#187296;flex-basis:250px\">\n<p class=\"has-text-align-center has-white-color has-text-color has-link-color wp-elements-775d723f2859b99116061fa60d939ae3\" style=\"font-size:30px;font-style:normal;font-weight:700\"><strong><a href=\"https:\/\/zichlinek.eu\/?page_id=506\" data-type=\"page\" data-id=\"506\" target=\"_blank\" rel=\"noreferrer noopener\">\u00dazemn\u00ed pl\u00e1n<\/a><\/strong><\/p>\n<\/div>\n\n\n\n<div class=\"wp-block-column is-vertically-aligned-center is-layout-flow wp-block-column-is-layout-flow\" style=\"flex-basis:200px\">\n<p class=\"has-text-align-center has-black-color has-text-color has-link-color wp-elements-46da1c978f23da7a53348ad2fef2b5c3\" style=\"font-size:30px;font-style:normal;font-weight:700\"><strong><a href=\"https:\/\/zichlinek.eu\/?page_id=2558\" data-type=\"page\" data-id=\"2558\">\u010cl\u00e1nky<\/a><\/strong><\/p>\n<\/div>\n<\/div>\n\n\n\n\n\n\n\n<hr class=\"wp-block-separator has-text-color has-black-color has-alpha-channel-opacity has-black-background-color has-background is-style-wide\"\/>\n\n\n\n<div style=\"height:50px\" aria-hidden=\"true\" class=\"wp-block-spacer\"><\/div>\n\n\n\n<h1 class=\"wp-block-heading has-text-align-center\"><a href=\"https:\/\/ud.zichlinek.eu\/\">\u00da\u0159edn\u00ed deska<\/a><\/h1>\n\n\n<div><h2><a style='text-decoration: none;' href='https:\/\/zichlinek.eu\/post.php?id=2490'>Ve\u0159ejn\u00e1 vyhl\u00e1\u0161ka<\/a><\/h2><small>Ozn\u00e1men\u00ed | Monika \u0160ulov\u00e1 | 16.04.2026<\/small><\/div><div><h2><a style='text-decoration: none;' href='https:\/\/zichlinek.eu\/post.php?id=2489'>Ve\u0159ejn\u00e1 vyhl\u00e1\u0161ka<\/a><\/h2><small>\u00dazemn\u00ed pl\u00e1n | Monika \u0160ulov\u00e1 | 13.04.2026<\/small><\/div><div><h2><a style='text-decoration: none;' href='https:\/\/zichlinek.eu\/post.php?id=2488'>Rozpo\u010dtov\u00e9 opat\u0159en\u00ed \u010d. 3\/2026 ze dne 31.3.2026<\/a><\/h2><small>Rozpo\u010det | Monika \u0160ulov\u00e1 | 06.04.2026<\/small><\/div>\n\n\n\n<hr class=\"wp-block-separator has-text-color has-black-color has-alpha-channel-opacity has-black-background-color has-background is-style-wide\"\/>\n\n\n\n<h1 class=\"wp-block-heading has-text-align-center\">Newsletter<\/h1>\n\n\n<!Doctype html>\r\n<html>\r\n<head>\r\n<script src=\"https:\/\/cdnjs.cloudflare.com\/ajax\/libs\/jquery\/3.7.1\/jquery.min.js\" integrity=\"sha512-v2CJ7UaYy4JwqLDIrZUI\/4hqeoQieOmAZNXBeQyjo21dadnwR+8ZaIJVT8EE2iyI61OV8e6M8PP2\/4hpQINQ\/g==\" crossorigin=\"anonymous\" referrerpolicy=\"no-referrer\"><\/script>\r\n\t<\/head>\r\n<body>\r\n\t<div class=\"container\">\r\n\t\t<form id=\"formular\">\t\r\n\t\t<div class=\"row text-center\">\r\n\t\t<div class=\"col-md-6\">\r\n\t\t\t<h2 style=\"color: #187296;\">\r\n\t\t\t\tP\u0159ihla\u0161te se k odb\u011bru newsletteru\r\n\t\t\t<\/h2>\r\n\t\t<\/div>\r\n\t\t<div class=\"col-md-6\">\r\n\t\t\t<div class=\"row\">\r\n\t\t\t\t<input type=\"email\" placeholder=\"Zadejte e-mail\" class=\"form-control\" id=\"email\" name=\"email\">\r\n\t\t\t<\/div>\r\n\t\t\t<div class=\"row\">\r\n\t\t\t\t<input type=\"submit\" style=\"background-color: #187296;\" value=\"odeslat\" id=\"odeslat\" name=\"odeslat\"> \r\n\t\t\t<\/div>\r\n\t\t<\/div>\r\n\t\t\t\t\t<\/div>\r\n\t\t\t\t\t\t\t\t<\/form>\r\n\r\n\t<\/div>\r\n\t<\/body>\r\n\t<script>\r\n\t$(document).ready(function() {\r\n    $(\"#formular\").submit(function(e) {\r\n        e.preventDefault(); \/\/ Prevent the default form submit if inside a form\r\n\r\n        var hodnota = $(\"#email\").val();\r\n\r\n        \/\/ Basic validation: Check if the input is empty\r\n        if (hodnota === '') {\r\n            alert(\"Please enter an email.\");\r\n            return;\r\n        }\r\n\r\n        $.ajax({\r\n            url: \"vloz_email.php\",\r\n            method: \"POST\",\r\n            data: { hodnota: hodnota },\r\n            success: function(response) {\r\n                \/\/ Handle success - Show response or do something\r\n                alert(\"Email byl d\u00e1n do datab\u00e1ze\");\r\n                console.log(response);\r\n            },\r\n            error: function(jqXHR, textStatus, errorThrown) {\r\n                \/\/ Handle error - Log or show an error message\r\n                console.error(\"AJAX error: \" + textStatus + ' : ' + errorThrown);\r\n                alert(\"Do\u0161lo k neo\u010dek\u00e1van\u00e9 chyb\u011b\");\r\n            }\r\n        });\r\n    });\r\n});\r\n\r\n\t<\/script>\r\n<\/html>\n","protected":false},"excerpt":{"rendered":"<p>Zpravodaj Rezervace \u00dazemn\u00ed pl\u00e1n \u010cl\u00e1nky \u00da\u0159edn\u00ed deska Newsletter<\/p>\n","protected":false},"author":1,"featured_media":0,"parent":0,"menu_order":0,"comment_status":"closed","ping_status":"closed","template":"","meta":{"_acf_changed":false,"ngg_post_thumbnail":0,"footnotes":""},"class_list":["post-2497","page","type-page","status-publish","hentry"],"acf":[],"_links":{"self":[{"href":"https:\/\/zichlinek.eu\/index.php?rest_route=\/wp\/v2\/pages\/2497","targetHints":{"allow":["GET"]}}],"collection":[{"href":"https:\/\/zichlinek.eu\/index.php?rest_route=\/wp\/v2\/pages"}],"about":[{"href":"https:\/\/zichlinek.eu\/index.php?rest_route=\/wp\/v2\/types\/page"}],"author":[{"embeddable":true,"href":"https:\/\/zichlinek.eu\/index.php?rest_route=\/wp\/v2\/users\/1"}],"replies":[{"embeddable":true,"href":"https:\/\/zichlinek.eu\/index.php?rest_route=%2Fwp%2Fv2%2Fcomments&post=2497"}],"version-history":[{"count":278,"href":"https:\/\/zichlinek.eu\/index.php?rest_route=\/wp\/v2\/pages\/2497\/revisions"}],"predecessor-version":[{"id":5326,"href":"https:\/\/zichlinek.eu\/index.php?rest_route=\/wp\/v2\/pages\/2497\/revisions\/5326"}],"wp:attachment":[{"href":"https:\/\/zichlinek.eu\/index.php?rest_route=%2Fwp%2Fv2%2Fmedia&parent=2497"}],"curies":[{"name":"wp","href":"https:\/\/api.w.org\/{rel}","templated":true}]}}