{"id":234,"date":"2023-07-30T11:32:00","date_gmt":"2023-07-30T09:32:00","guid":{"rendered":"https:\/\/zichlinek.eu\/?page_id=234"},"modified":"2023-08-02T09:57:20","modified_gmt":"2023-08-02T07:57:20","slug":"kontakty","status":"publish","type":"page","link":"https:\/\/zichlinek.eu\/?page_id=234","title":{"rendered":"Kontakty"},"content":{"rendered":"<p>Naje\u010fte kurzorem na menu a vyber jednu z mo\u017enost\u00ed.<\/p>\n","protected":false},"excerpt":{"rendered":"<p>Naje\u010fte kurzorem na menu a vyber jednu z mo\u017enost\u00ed.<\/p>\n","protected":false},"author":1,"featured_media":0,"parent":0,"menu_order":0,"comment_status":"closed","ping_status":"closed","template":"","meta":{"_acf_changed":false,"ngg_post_thumbnail":0,"footnotes":""},"class_list":["post-234","page","type-page","status-publish","hentry"],"acf":[],"_links":{"self":[{"href":"https:\/\/zichlinek.eu\/index.php?rest_route=\/wp\/v2\/pages\/234"}],"collection":[{"href":"https:\/\/zichlinek.eu\/index.php?rest_route=\/wp\/v2\/pages"}],"about":[{"href":"https:\/\/zichlinek.eu\/index.php?rest_route=\/wp\/v2\/types\/page"}],"author":[{"embeddable":true,"href":"https:\/\/zichlinek.eu\/index.php?rest_route=\/wp\/v2\/users\/1"}],"replies":[{"embeddable":true,"href":"https:\/\/zichlinek.eu\/index.php?rest_route=%2Fwp%2Fv2%2Fcomments&post=234"}],"version-history":[{"count":16,"href":"https:\/\/zichlinek.eu\/index.php?rest_route=\/wp\/v2\/pages\/234\/revisions"}],"predecessor-version":[{"id":497,"href":"https:\/\/zichlinek.eu\/index.php?rest_route=\/wp\/v2\/pages\/234\/revisions\/497"}],"wp:attachment":[{"href":"https:\/\/zichlinek.eu\/index.php?rest_route=%2Fwp%2Fv2%2Fmedia&parent=234"}],"curies":[{"name":"wp","href":"https:\/\/api.w.org\/{rel}","templated":true}]}}