{"id":194,"date":"2023-07-29T10:19:37","date_gmt":"2023-07-29T08:19:37","guid":{"rendered":"https:\/\/zichlinek.eu\/?page_id=194"},"modified":"2023-08-21T07:51:35","modified_gmt":"2023-08-21T05:51:35","slug":"pro-obcany","status":"publish","type":"page","link":"https:\/\/zichlinek.eu\/?page_id=194","title":{"rendered":"<h1 style=\"color: #235789;\">Pro ob\u010dany"},"content":{"rendered":"<div class=\"entry-content\">\n<p>Naje\u010fte kurzorem na menu a vyber jednu z mo\u017enost\u00ed.<\/p>\n<\/div>\n","protected":false},"excerpt":{"rendered":"<p>Naje\u010fte kurzorem na menu a vyber jednu z mo\u017enost\u00ed.<\/p>\n","protected":false},"author":1,"featured_media":0,"parent":0,"menu_order":0,"comment_status":"closed","ping_status":"closed","template":"","meta":{"_acf_changed":false,"ngg_post_thumbnail":0,"footnotes":""},"class_list":["post-194","page","type-page","status-publish","hentry"],"acf":[],"_links":{"self":[{"href":"https:\/\/zichlinek.eu\/index.php?rest_route=\/wp\/v2\/pages\/194","targetHints":{"allow":["GET"]}}],"collection":[{"href":"https:\/\/zichlinek.eu\/index.php?rest_route=\/wp\/v2\/pages"}],"about":[{"href":"https:\/\/zichlinek.eu\/index.php?rest_route=\/wp\/v2\/types\/page"}],"author":[{"embeddable":true,"href":"https:\/\/zichlinek.eu\/index.php?rest_route=\/wp\/v2\/users\/1"}],"replies":[{"embeddable":true,"href":"https:\/\/zichlinek.eu\/index.php?rest_route=%2Fwp%2Fv2%2Fcomments&post=194"}],"version-history":[{"count":6,"href":"https:\/\/zichlinek.eu\/index.php?rest_route=\/wp\/v2\/pages\/194\/revisions"}],"predecessor-version":[{"id":797,"href":"https:\/\/zichlinek.eu\/index.php?rest_route=\/wp\/v2\/pages\/194\/revisions\/797"}],"wp:attachment":[{"href":"https:\/\/zichlinek.eu\/index.php?rest_route=%2Fwp%2Fv2%2Fmedia&parent=194"}],"curies":[{"name":"wp","href":"https:\/\/api.w.org\/{rel}","templated":true}]}}